{"id":81118,"date":"2023-10-23T14:41:30","date_gmt":"2023-10-23T17:41:30","guid":{"rendered":"https:\/\/allprot.com.br\/web\/?page_id=81118"},"modified":"2023-10-23T14:44:31","modified_gmt":"2023-10-23T17:44:31","slug":"oculos-linha-premium","status":"publish","type":"page","link":"https:\/\/allprot.com.br\/web\/oculos-linha-premium\/","title":{"rendered":"\u00d3culos &#8211; Linha Premium"},"content":{"rendered":"\t\t<div data-elementor-type=\"wp-page\" data-elementor-id=\"81118\" class=\"elementor elementor-81118\">\n\t\t\t\t\t\t\t\t\t<section class=\"elementor-section elementor-top-section elementor-element elementor-element-4fea3d3 elementor-section-boxed elementor-section-height-default elementor-section-height-default exad-glass-effect-no exad-sticky-section-no\" data-id=\"4fea3d3\" data-element_type=\"section\">\n\t\t\t\t\t\t<div class=\"elementor-container elementor-column-gap-default\">\n\t\t\t\t\t<div class=\"elementor-column elementor-col-100 elementor-top-column elementor-element elementor-element-2d8de91 exad-glass-effect-no exad-sticky-section-no\" data-id=\"2d8de91\" data-element_type=\"column\">\n\t\t\t<div class=\"elementor-widget-wrap elementor-element-populated\">\n\t\t\t\t\t\t\t\t<div class=\"elementor-element elementor-element-54e1286 exad-sticky-section-no exad-glass-effect-no elementor-widget elementor-widget-heading\" data-id=\"54e1286\" data-element_type=\"widget\" data-widget_type=\"heading.default\">\n\t\t\t\t<div class=\"elementor-widget-container\">\n\t\t\t<style>\/*! elementor - v3.7.8 - 02-10-2022 *\/\n.elementor-heading-title{padding:0;margin:0;line-height:1}.elementor-widget-heading .elementor-heading-title[class*=elementor-size-]>a{color:inherit;font-size:inherit;line-height:inherit}.elementor-widget-heading .elementor-heading-title.elementor-size-small{font-size:15px}.elementor-widget-heading .elementor-heading-title.elementor-size-medium{font-size:19px}.elementor-widget-heading .elementor-heading-title.elementor-size-large{font-size:29px}.elementor-widget-heading .elementor-heading-title.elementor-size-xl{font-size:39px}.elementor-widget-heading .elementor-heading-title.elementor-size-xxl{font-size:59px}<\/style><h2 class=\"elementor-heading-title elementor-size-default\">\u00d3CULOS - LINHA PREMIUM<\/h2>\t\t<\/div>\n\t\t\t\t<\/div>\n\t\t\t\t<div class=\"elementor-element elementor-element-a63fa9b elementor-grid-3 elementor-grid-tablet-2 elementor-grid-mobile-1 elementor-posts--thumbnail-top elementor-card-shadow-yes elementor-posts__hover-gradient exad-sticky-section-no exad-glass-effect-no elementor-widget elementor-widget-posts\" data-id=\"a63fa9b\" data-element_type=\"widget\" data-settings=\"{&quot;cards_columns&quot;:&quot;3&quot;,&quot;cards_columns_tablet&quot;:&quot;2&quot;,&quot;cards_columns_mobile&quot;:&quot;1&quot;,&quot;cards_row_gap&quot;:{&quot;unit&quot;:&quot;px&quot;,&quot;size&quot;:35,&quot;sizes&quot;:[]},&quot;cards_row_gap_tablet&quot;:{&quot;unit&quot;:&quot;px&quot;,&quot;size&quot;:&quot;&quot;,&quot;sizes&quot;:[]},&quot;cards_row_gap_mobile&quot;:{&quot;unit&quot;:&quot;px&quot;,&quot;size&quot;:&quot;&quot;,&quot;sizes&quot;:[]}}\" data-widget_type=\"posts.cards\">\n\t\t\t\t<div class=\"elementor-widget-container\">\n\t\t\t<link rel=\"stylesheet\" href=\"https:\/\/allprot.com.br\/web\/wp-content\/plugins\/elementor-pro\/assets\/css\/widget-posts.min.css\">\t\t<div class=\"elementor-posts-container elementor-posts elementor-posts--skin-cards elementor-grid\">\n\t\t\t\t<article class=\"elementor-post elementor-grid-item post-81133 oculos type-oculos status-publish has-post-thumbnail hentry categoria_oculos-linha-premium\">\n\t\t\t<div class=\"elementor-post__card\">\n\t\t\t\t<a class=\"elementor-post__thumbnail__link\" href=\"https:\/\/allprot.com.br\/web\/oculos\/carbon\/\" ><div class=\"elementor-post__thumbnail\"><img width=\"768\" height=\"512\" src=\"https:\/\/allprot.com.br\/web\/wp-content\/uploads\/2023\/10\/Carbon3-768x512.jpg\" class=\"attachment-medium_large size-medium_large\" alt=\"\" decoding=\"async\" loading=\"lazy\" srcset=\"https:\/\/allprot.com.br\/web\/wp-content\/uploads\/2023\/10\/Carbon3-768x512.jpg 768w, https:\/\/allprot.com.br\/web\/wp-content\/uploads\/2023\/10\/Carbon3-300x200.jpg 300w, https:\/\/allprot.com.br\/web\/wp-content\/uploads\/2023\/10\/Carbon3-1024x683.jpg 1024w, https:\/\/allprot.com.br\/web\/wp-content\/uploads\/2023\/10\/Carbon3-1536x1024.jpg 1536w, https:\/\/allprot.com.br\/web\/wp-content\/uploads\/2023\/10\/Carbon3.jpg 1920w\" sizes=\"(max-width: 768px) 100vw, 768px\" \/><\/div><\/a>\n\t\t\t\t<div class=\"elementor-post__text\">\n\t\t\t\t<h3 class=\"elementor-post__title\">\n\t\t\t<a href=\"https:\/\/allprot.com.br\/web\/oculos\/carbon\/\" >\n\t\t\t\tCARBON\t\t\t<\/a>\n\t\t<\/h3>\n\t\t\t\t\t<div class=\"elementor-post__read-more-wrapper\">\n\t\t\n\t\t<a class=\"elementor-post__read-more\" href=\"https:\/\/allprot.com.br\/web\/oculos\/carbon\/\" >\n\t\t\tVer mais\t\t<\/a>\n\n\t\t\t\t\t<\/div>\n\t\t\t\t<\/div>\n\t\t\t\t\t<\/div>\n\t\t<\/article>\n\t\t\t\t<article class=\"elementor-post elementor-grid-item post-81134 oculos type-oculos status-publish has-post-thumbnail hentry categoria_oculos-linha-premium\">\n\t\t\t<div class=\"elementor-post__card\">\n\t\t\t\t<a class=\"elementor-post__thumbnail__link\" href=\"https:\/\/allprot.com.br\/web\/oculos\/hydro\/\" ><div class=\"elementor-post__thumbnail\"><img width=\"768\" height=\"512\" src=\"https:\/\/allprot.com.br\/web\/wp-content\/uploads\/2023\/10\/Hydro3-768x512.jpg\" class=\"attachment-medium_large size-medium_large\" alt=\"\" decoding=\"async\" loading=\"lazy\" srcset=\"https:\/\/allprot.com.br\/web\/wp-content\/uploads\/2023\/10\/Hydro3-768x512.jpg 768w, https:\/\/allprot.com.br\/web\/wp-content\/uploads\/2023\/10\/Hydro3-300x200.jpg 300w, https:\/\/allprot.com.br\/web\/wp-content\/uploads\/2023\/10\/Hydro3-1024x683.jpg 1024w, https:\/\/allprot.com.br\/web\/wp-content\/uploads\/2023\/10\/Hydro3-1536x1024.jpg 1536w, https:\/\/allprot.com.br\/web\/wp-content\/uploads\/2023\/10\/Hydro3.jpg 1920w\" sizes=\"(max-width: 768px) 100vw, 768px\" \/><\/div><\/a>\n\t\t\t\t<div class=\"elementor-post__text\">\n\t\t\t\t<h3 class=\"elementor-post__title\">\n\t\t\t<a href=\"https:\/\/allprot.com.br\/web\/oculos\/hydro\/\" >\n\t\t\t\tHYDRO\t\t\t<\/a>\n\t\t<\/h3>\n\t\t\t\t\t<div class=\"elementor-post__read-more-wrapper\">\n\t\t\n\t\t<a class=\"elementor-post__read-more\" href=\"https:\/\/allprot.com.br\/web\/oculos\/hydro\/\" >\n\t\t\tVer mais\t\t<\/a>\n\n\t\t\t\t\t<\/div>\n\t\t\t\t<\/div>\n\t\t\t\t\t<\/div>\n\t\t<\/article>\n\t\t\t\t<article class=\"elementor-post elementor-grid-item post-81957 oculos type-oculos status-publish has-post-thumbnail hentry categoria_oculos-linha-premium\">\n\t\t\t<div class=\"elementor-post__card\">\n\t\t\t\t<a class=\"elementor-post__thumbnail__link\" href=\"https:\/\/allprot.com.br\/web\/oculos\/atlas\/\" ><div class=\"elementor-post__thumbnail\"><img width=\"768\" height=\"512\" src=\"https:\/\/allprot.com.br\/web\/wp-content\/uploads\/2025\/05\/atlas-768x512.jpg\" class=\"attachment-medium_large size-medium_large\" alt=\"\" decoding=\"async\" loading=\"lazy\" srcset=\"https:\/\/allprot.com.br\/web\/wp-content\/uploads\/2025\/05\/atlas-768x512.jpg 768w, https:\/\/allprot.com.br\/web\/wp-content\/uploads\/2025\/05\/atlas-300x200.jpg 300w, https:\/\/allprot.com.br\/web\/wp-content\/uploads\/2025\/05\/atlas-1024x683.jpg 1024w, https:\/\/allprot.com.br\/web\/wp-content\/uploads\/2025\/05\/atlas-1536x1024.jpg 1536w, https:\/\/allprot.com.br\/web\/wp-content\/uploads\/2025\/05\/atlas-2048x1365.jpg 2048w\" sizes=\"(max-width: 768px) 100vw, 768px\" \/><\/div><\/a>\n\t\t\t\t<div class=\"elementor-post__text\">\n\t\t\t\t<h3 class=\"elementor-post__title\">\n\t\t\t<a href=\"https:\/\/allprot.com.br\/web\/oculos\/atlas\/\" >\n\t\t\t\tATLAS\t\t\t<\/a>\n\t\t<\/h3>\n\t\t\t\t\t<div class=\"elementor-post__read-more-wrapper\">\n\t\t\n\t\t<a class=\"elementor-post__read-more\" href=\"https:\/\/allprot.com.br\/web\/oculos\/atlas\/\" >\n\t\t\tVer mais\t\t<\/a>\n\n\t\t\t\t\t<\/div>\n\t\t\t\t<\/div>\n\t\t\t\t\t<\/div>\n\t\t<\/article>\n\t\t\t\t<article class=\"elementor-post elementor-grid-item post-81964 oculos type-oculos status-publish has-post-thumbnail hentry categoria_oculos-linha-premium\">\n\t\t\t<div class=\"elementor-post__card\">\n\t\t\t\t<a class=\"elementor-post__thumbnail__link\" href=\"https:\/\/allprot.com.br\/web\/oculos\/pegasus\/\" ><div class=\"elementor-post__thumbnail\"><img width=\"768\" height=\"441\" src=\"https:\/\/allprot.com.br\/web\/wp-content\/uploads\/2025\/05\/Pegasus-768x441.png\" class=\"attachment-medium_large size-medium_large\" alt=\"\" decoding=\"async\" loading=\"lazy\" srcset=\"https:\/\/allprot.com.br\/web\/wp-content\/uploads\/2025\/05\/Pegasus-768x441.png 768w, https:\/\/allprot.com.br\/web\/wp-content\/uploads\/2025\/05\/Pegasus-300x172.png 300w, https:\/\/allprot.com.br\/web\/wp-content\/uploads\/2025\/05\/Pegasus.png 795w\" sizes=\"(max-width: 768px) 100vw, 768px\" \/><\/div><\/a>\n\t\t\t\t<div class=\"elementor-post__text\">\n\t\t\t\t<h3 class=\"elementor-post__title\">\n\t\t\t<a href=\"https:\/\/allprot.com.br\/web\/oculos\/pegasus\/\" >\n\t\t\t\tPegasus\t\t\t<\/a>\n\t\t<\/h3>\n\t\t\t\t\t<div class=\"elementor-post__read-more-wrapper\">\n\t\t\n\t\t<a class=\"elementor-post__read-more\" href=\"https:\/\/allprot.com.br\/web\/oculos\/pegasus\/\" >\n\t\t\tVer mais\t\t<\/a>\n\n\t\t\t\t\t<\/div>\n\t\t\t\t<\/div>\n\t\t\t\t\t<\/div>\n\t\t<\/article>\n\t\t\t\t<article class=\"elementor-post elementor-grid-item post-81127 oculos type-oculos status-publish has-post-thumbnail hentry categoria_oculos-linha-premium\">\n\t\t\t<div class=\"elementor-post__card\">\n\t\t\t\t<a class=\"elementor-post__thumbnail__link\" href=\"https:\/\/allprot.com.br\/web\/oculos\/nitro\/\" ><div class=\"elementor-post__thumbnail\"><img width=\"768\" height=\"512\" src=\"https:\/\/allprot.com.br\/web\/wp-content\/uploads\/2023\/10\/Nitro-768x512.jpg\" class=\"attachment-medium_large size-medium_large\" alt=\"\" decoding=\"async\" loading=\"lazy\" srcset=\"https:\/\/allprot.com.br\/web\/wp-content\/uploads\/2023\/10\/Nitro-768x512.jpg 768w, https:\/\/allprot.com.br\/web\/wp-content\/uploads\/2023\/10\/Nitro-300x200.jpg 300w, https:\/\/allprot.com.br\/web\/wp-content\/uploads\/2023\/10\/Nitro-1024x683.jpg 1024w, https:\/\/allprot.com.br\/web\/wp-content\/uploads\/2023\/10\/Nitro-1536x1024.jpg 1536w, https:\/\/allprot.com.br\/web\/wp-content\/uploads\/2023\/10\/Nitro-2048x1365.jpg 2048w\" sizes=\"(max-width: 768px) 100vw, 768px\" \/><\/div><\/a>\n\t\t\t\t<div class=\"elementor-post__text\">\n\t\t\t\t<h3 class=\"elementor-post__title\">\n\t\t\t<a href=\"https:\/\/allprot.com.br\/web\/oculos\/nitro\/\" >\n\t\t\t\tNITRO\t\t\t<\/a>\n\t\t<\/h3>\n\t\t\t\t\t<div class=\"elementor-post__read-more-wrapper\">\n\t\t\n\t\t<a class=\"elementor-post__read-more\" href=\"https:\/\/allprot.com.br\/web\/oculos\/nitro\/\" >\n\t\t\tVer mais\t\t<\/a>\n\n\t\t\t\t\t<\/div>\n\t\t\t\t<\/div>\n\t\t\t\t\t<\/div>\n\t\t<\/article>\n\t\t\t\t<article class=\"elementor-post elementor-grid-item post-81132 oculos type-oculos status-publish has-post-thumbnail hentry categoria_oculos-linha-premium\">\n\t\t\t<div class=\"elementor-post__card\">\n\t\t\t\t<a class=\"elementor-post__thumbnail__link\" href=\"https:\/\/allprot.com.br\/web\/oculos\/oxygen\/\" ><div class=\"elementor-post__thumbnail\"><img width=\"768\" height=\"512\" src=\"https:\/\/allprot.com.br\/web\/wp-content\/uploads\/2023\/10\/Oxygen-768x512.jpg\" class=\"attachment-medium_large size-medium_large\" alt=\"\" decoding=\"async\" loading=\"lazy\" srcset=\"https:\/\/allprot.com.br\/web\/wp-content\/uploads\/2023\/10\/Oxygen-768x512.jpg 768w, https:\/\/allprot.com.br\/web\/wp-content\/uploads\/2023\/10\/Oxygen-300x200.jpg 300w, https:\/\/allprot.com.br\/web\/wp-content\/uploads\/2023\/10\/Oxygen-1024x683.jpg 1024w, https:\/\/allprot.com.br\/web\/wp-content\/uploads\/2023\/10\/Oxygen-1536x1024.jpg 1536w, https:\/\/allprot.com.br\/web\/wp-content\/uploads\/2023\/10\/Oxygen.jpg 1920w\" sizes=\"(max-width: 768px) 100vw, 768px\" \/><\/div><\/a>\n\t\t\t\t<div class=\"elementor-post__text\">\n\t\t\t\t<h3 class=\"elementor-post__title\">\n\t\t\t<a href=\"https:\/\/allprot.com.br\/web\/oculos\/oxygen\/\" >\n\t\t\t\tOXYGEN\t\t\t<\/a>\n\t\t<\/h3>\n\t\t\t\t\t<div class=\"elementor-post__read-more-wrapper\">\n\t\t\n\t\t<a class=\"elementor-post__read-more\" href=\"https:\/\/allprot.com.br\/web\/oculos\/oxygen\/\" >\n\t\t\tVer mais\t\t<\/a>\n\n\t\t\t\t\t<\/div>\n\t\t\t\t<\/div>\n\t\t\t\t\t<\/div>\n\t\t<\/article>\n\t\t\t\t<\/div>\n\n\n\t\t\n\t\t\t\t<\/div>\n\t\t\t\t<\/div>\n\t\t\t\t\t<\/div>\n\t\t<\/div>\n\t\t\t\t\t\t\t<\/div>\n\t\t<\/section>\n\t\t\t\t\t\t\t<\/div>\n\t\t","protected":false},"excerpt":{"rendered":"<p>\u00d3CULOS &#8211; LINHA PREMIUM<\/p>\n","protected":false},"author":5,"featured_media":0,"parent":0,"menu_order":0,"comment_status":"closed","ping_status":"closed","template":"elementor_header_footer","meta":[],"acf":[],"yoast_head":"<!-- This site is optimized with the Yoast SEO plugin v20.6 - https:\/\/yoast.com\/wordpress\/plugins\/seo\/ -->\n<title>\u00d3culos - Linha Premium - Allprot - Materiais de Seguran\u00e7a<\/title>\n<meta name=\"robots\" content=\"index, follow, max-snippet:-1, max-image-preview:large, max-video-preview:-1\" \/>\n<link rel=\"canonical\" href=\"https:\/\/allprot.com.br\/web\/oculos-linha-premium\/\" \/>\n<meta property=\"og:locale\" content=\"pt_BR\" \/>\n<meta property=\"og:type\" content=\"article\" \/>\n<meta property=\"og:title\" content=\"\u00d3culos - Linha Premium - Allprot - Materiais de Seguran\u00e7a\" \/>\n<meta property=\"og:description\" content=\"\u00d3CULOS &#8211; LINHA PREMIUM\" \/>\n<meta property=\"og:url\" content=\"https:\/\/allprot.com.br\/web\/oculos-linha-premium\/\" \/>\n<meta property=\"og:site_name\" content=\"Allprot - Materiais de Seguran\u00e7a\" \/>\n<meta property=\"article:modified_time\" content=\"2023-10-23T17:44:31+00:00\" \/>\n<meta name=\"twitter:card\" content=\"summary_large_image\" \/>\n<meta name=\"twitter:label1\" content=\"Est. tempo de leitura\" \/>\n\t<meta name=\"twitter:data1\" content=\"7 minutos\" \/>\n<script type=\"application\/ld+json\" class=\"yoast-schema-graph\">{\"@context\":\"https:\/\/schema.org\",\"@graph\":[{\"@type\":\"WebPage\",\"@id\":\"https:\/\/allprot.com.br\/web\/oculos-linha-premium\/\",\"url\":\"https:\/\/allprot.com.br\/web\/oculos-linha-premium\/\",\"name\":\"\u00d3culos - Linha Premium - Allprot - Materiais de Seguran\u00e7a\",\"isPartOf\":{\"@id\":\"https:\/\/allprot.com.br\/web\/#website\"},\"datePublished\":\"2023-10-23T17:41:30+00:00\",\"dateModified\":\"2023-10-23T17:44:31+00:00\",\"breadcrumb\":{\"@id\":\"https:\/\/allprot.com.br\/web\/oculos-linha-premium\/#breadcrumb\"},\"inLanguage\":\"pt-BR\",\"potentialAction\":[{\"@type\":\"ReadAction\",\"target\":[\"https:\/\/allprot.com.br\/web\/oculos-linha-premium\/\"]}]},{\"@type\":\"BreadcrumbList\",\"@id\":\"https:\/\/allprot.com.br\/web\/oculos-linha-premium\/#breadcrumb\",\"itemListElement\":[{\"@type\":\"ListItem\",\"position\":1,\"name\":\"Home\",\"item\":\"https:\/\/allprot.com.br\/web\/\"},{\"@type\":\"ListItem\",\"position\":2,\"name\":\"\u00d3culos &#8211; Linha Premium\"}]},{\"@type\":\"WebSite\",\"@id\":\"https:\/\/allprot.com.br\/web\/#website\",\"url\":\"https:\/\/allprot.com.br\/web\/\",\"name\":\"Allprot - Materiais de Seguran\u00e7a\",\"description\":\"Fabricante de \u00f3culos de seguran\u00e7a com lentes graduadas. A maior oferta de arma\u00e7\u00f5es do mercado brasileiro. Prazo de entrega imbat\u00edvel e as melhores condi\u00e7\u00f5es comerciais que voc\u00ea pode querer. Atendimento em todo o territ\u00f3rio nacional e mais de 3.000 pontos de atendimento.\",\"publisher\":{\"@id\":\"https:\/\/allprot.com.br\/web\/#organization\"},\"potentialAction\":[{\"@type\":\"SearchAction\",\"target\":{\"@type\":\"EntryPoint\",\"urlTemplate\":\"https:\/\/allprot.com.br\/web\/?s={search_term_string}\"},\"query-input\":\"required name=search_term_string\"}],\"inLanguage\":\"pt-BR\"},{\"@type\":\"Organization\",\"@id\":\"https:\/\/allprot.com.br\/web\/#organization\",\"name\":\"Allprot - Materiais de Seguran\u00e7a\",\"url\":\"https:\/\/allprot.com.br\/web\/\",\"logo\":{\"@type\":\"ImageObject\",\"inLanguage\":\"pt-BR\",\"@id\":\"https:\/\/allprot.com.br\/web\/#\/schema\/logo\/image\/\",\"url\":\"https:\/\/allprot.com.br\/web\/wp-content\/uploads\/2022\/07\/cropped-Favicon-2.png\",\"contentUrl\":\"https:\/\/allprot.com.br\/web\/wp-content\/uploads\/2022\/07\/cropped-Favicon-2.png\",\"width\":512,\"height\":382,\"caption\":\"Allprot - Materiais de Seguran\u00e7a\"},\"image\":{\"@id\":\"https:\/\/allprot.com.br\/web\/#\/schema\/logo\/image\/\"}}]}<\/script>\n<!-- \/ Yoast SEO plugin. -->","yoast_head_json":{"title":"\u00d3culos - Linha Premium - Allprot - Materiais de Seguran\u00e7a","robots":{"index":"index","follow":"follow","max-snippet":"max-snippet:-1","max-image-preview":"max-image-preview:large","max-video-preview":"max-video-preview:-1"},"canonical":"https:\/\/allprot.com.br\/web\/oculos-linha-premium\/","og_locale":"pt_BR","og_type":"article","og_title":"\u00d3culos - Linha Premium - Allprot - Materiais de Seguran\u00e7a","og_description":"\u00d3CULOS &#8211; LINHA PREMIUM","og_url":"https:\/\/allprot.com.br\/web\/oculos-linha-premium\/","og_site_name":"Allprot - Materiais de Seguran\u00e7a","article_modified_time":"2023-10-23T17:44:31+00:00","twitter_card":"summary_large_image","twitter_misc":{"Est. tempo de leitura":"7 minutos"},"schema":{"@context":"https:\/\/schema.org","@graph":[{"@type":"WebPage","@id":"https:\/\/allprot.com.br\/web\/oculos-linha-premium\/","url":"https:\/\/allprot.com.br\/web\/oculos-linha-premium\/","name":"\u00d3culos - Linha Premium - Allprot - Materiais de Seguran\u00e7a","isPartOf":{"@id":"https:\/\/allprot.com.br\/web\/#website"},"datePublished":"2023-10-23T17:41:30+00:00","dateModified":"2023-10-23T17:44:31+00:00","breadcrumb":{"@id":"https:\/\/allprot.com.br\/web\/oculos-linha-premium\/#breadcrumb"},"inLanguage":"pt-BR","potentialAction":[{"@type":"ReadAction","target":["https:\/\/allprot.com.br\/web\/oculos-linha-premium\/"]}]},{"@type":"BreadcrumbList","@id":"https:\/\/allprot.com.br\/web\/oculos-linha-premium\/#breadcrumb","itemListElement":[{"@type":"ListItem","position":1,"name":"Home","item":"https:\/\/allprot.com.br\/web\/"},{"@type":"ListItem","position":2,"name":"\u00d3culos &#8211; Linha Premium"}]},{"@type":"WebSite","@id":"https:\/\/allprot.com.br\/web\/#website","url":"https:\/\/allprot.com.br\/web\/","name":"Allprot - Materiais de Seguran\u00e7a","description":"Fabricante de \u00f3culos de seguran\u00e7a com lentes graduadas. A maior oferta de arma\u00e7\u00f5es do mercado brasileiro. Prazo de entrega imbat\u00edvel e as melhores condi\u00e7\u00f5es comerciais que voc\u00ea pode querer. Atendimento em todo o territ\u00f3rio nacional e mais de 3.000 pontos de atendimento.","publisher":{"@id":"https:\/\/allprot.com.br\/web\/#organization"},"potentialAction":[{"@type":"SearchAction","target":{"@type":"EntryPoint","urlTemplate":"https:\/\/allprot.com.br\/web\/?s={search_term_string}"},"query-input":"required name=search_term_string"}],"inLanguage":"pt-BR"},{"@type":"Organization","@id":"https:\/\/allprot.com.br\/web\/#organization","name":"Allprot - Materiais de Seguran\u00e7a","url":"https:\/\/allprot.com.br\/web\/","logo":{"@type":"ImageObject","inLanguage":"pt-BR","@id":"https:\/\/allprot.com.br\/web\/#\/schema\/logo\/image\/","url":"https:\/\/allprot.com.br\/web\/wp-content\/uploads\/2022\/07\/cropped-Favicon-2.png","contentUrl":"https:\/\/allprot.com.br\/web\/wp-content\/uploads\/2022\/07\/cropped-Favicon-2.png","width":512,"height":382,"caption":"Allprot - Materiais de Seguran\u00e7a"},"image":{"@id":"https:\/\/allprot.com.br\/web\/#\/schema\/logo\/image\/"}}]}},"_links":{"self":[{"href":"https:\/\/allprot.com.br\/web\/wp-json\/wp\/v2\/pages\/81118"}],"collection":[{"href":"https:\/\/allprot.com.br\/web\/wp-json\/wp\/v2\/pages"}],"about":[{"href":"https:\/\/allprot.com.br\/web\/wp-json\/wp\/v2\/types\/page"}],"author":[{"embeddable":true,"href":"https:\/\/allprot.com.br\/web\/wp-json\/wp\/v2\/users\/5"}],"replies":[{"embeddable":true,"href":"https:\/\/allprot.com.br\/web\/wp-json\/wp\/v2\/comments?post=81118"}],"version-history":[{"count":7,"href":"https:\/\/allprot.com.br\/web\/wp-json\/wp\/v2\/pages\/81118\/revisions"}],"predecessor-version":[{"id":81126,"href":"https:\/\/allprot.com.br\/web\/wp-json\/wp\/v2\/pages\/81118\/revisions\/81126"}],"wp:attachment":[{"href":"https:\/\/allprot.com.br\/web\/wp-json\/wp\/v2\/media?parent=81118"}],"curies":[{"name":"wp","href":"https:\/\/api.w.org\/{rel}","templated":true}]}}