{"id":77070,"date":"2019-08-27T16:38:08","date_gmt":"2019-08-27T16:38:08","guid":{"rendered":"https:\/\/allprot.com.br\/web\/?page_id=77070"},"modified":"2023-03-24T12:00:52","modified_gmt":"2023-03-24T15:00:52","slug":"comprar-oculos-de-seguranca-com-grau-no-rio-grande-do-sul","status":"publish","type":"page","link":"https:\/\/allprot.com.br\/web\/comprar-oculos-de-seguranca-com-grau-no-rio-grande-do-sul\/","title":{"rendered":"Comprar \u00f3culos de seguran\u00e7a com grau no Rio Grande do Sul"},"content":{"rendered":"<p>[vc_row type=&#8221;full_width&#8221; css=&#8221;.vc_custom_1550148944773{border-left-width: 40px !important;padding-top: 40px !important;padding-bottom: 20px !important;background-color: #f2f2f2 !important;}&#8221;][vc_column][vc_custom_heading text=&#8221;COMPRAR \u00d3CULOS DE SEGURAN\u00c7A COM GRAU NO RIO GRANDE DO SUL&#8221; font_container=&#8221;tag:h1|text_align:center|color:%23da251d&#8221; use_theme_fonts=&#8221;yes&#8221;][\/vc_column][\/vc_row][vc_row type=&#8221;full_width&#8221; css=&#8221;.vc_custom_1544619650209{padding-top: 50px !important;padding-bottom: 20px !important;padding-left: 50px !important;background-image: url(https:\/\/allprot.com.br\/web\/wp-content\/uploads\/2018\/12\/background-lentess.jpg?id=75829) !important;background-position: center !important;background-repeat: no-repeat !important;background-size: cover !important;}&#8221;][vc_column width=&#8221;1\/2&#8243; css=&#8221;.vc_custom_1532011045629{padding-bottom: 40px !important;}&#8221;][vc_column_text css_animation=&#8221;left-to-right&#8221; css=&#8221;.vc_custom_1559669509771{padding-right: 50px !important;}&#8221;]<span style=\"text-transform: text-align: justify; none;color: #ffffff; font-family: 'Montserrat'; line-height: 25px; letter-spacing: 0.05em;\">A atividade de trabalho, que coloque em risco a sa\u00fade do seu colaborador, nunca deve ser executada sem o Equipamento de Prote\u00e7\u00e3o Individual (EPI) adequado. Da mesma forma que EPIs como capacetes, botas e protetores de ouvido s\u00e3o importantes, <b>Comprar \u00f3culos de seguran\u00e7a com grau no Rio Grande do Sul<\/b> para todos os funcion\u00e1rios \u00e9 essencial e um requisito para as empresas.<\/span>[\/vc_column_text][vc_empty_space height=&#8221;20&#8243;][vc_column_text css_animation=&#8221;left-to-right&#8221; css=&#8221;.vc_custom_1559669562412{padding-right: 50px !important;}&#8221;]<span style=\"text-transform: text-align: justify; none;color: #ffffff; font-family: 'Montserrat'; line-height: 25px; letter-spacing: 0.05em;\">O risco de acidente dos olhos existe em todas as profiss\u00f5es, entretanto, h\u00e1 recorr\u00eancia em algumas \u00e1reas onde comprar <b> Comprar \u00f3culos de seguran\u00e7a com grau no Rio Grande do Sul<\/b> \u00e9 mais requisitado, como:<\/span>[\/vc_column_text][vc_empty_space height=&#8221;15&#8243;][vc_column_text css_animation=&#8221;left-to-right&#8221; css=&#8221;.vc_custom_1559669941142{padding-right: 50px !important;}&#8221;]<\/p>\n<p>&nbsp;<\/p>\n<ul>\n<li>Metalurgia;<\/li>\n<li>Minera\u00e7\u00e3o;<\/li>\n<li>T\u00eaxtil;<\/li>\n<li>Transportes;<\/li>\n<li>Constru\u00e7\u00e3o civil;<\/li>\n<li>Mec\u00e2nica;<\/li>\n<li>Marcenaria;<\/li>\n<li>Ind\u00fastria qu\u00edmica.<\/li>\n<\/ul>\n<p>&nbsp;<\/p>\n<p>&nbsp;<\/p>\n<p>[\/vc_column_text][vc_empty_space height=&#8221;20&#8243;][vc_column_text css_animation=&#8221;left-to-right&#8221; css=&#8221;.vc_custom_1559670098899{padding-right: 50px !important;}&#8221;]<\/p>\n<p><span style=\"text-transform: text-align: justify; none;color: #ffffff; font-family: 'Montserrat'; line-height: 25px; letter-spacing: 0.05em;\">Al\u00e9m disso, vale mencionar a S\u00edndrome da Vis\u00e3o no Computador (CVS), que \u00e9 cada vez mais comum entre as pessoas. \u00c9 o popular cansa\u00e7o visual que traz dor de cabe\u00e7a, vis\u00e3o emba\u00e7ada, ard\u00eancia e sensa\u00e7\u00e3o de areia nos olhos.<\/span><\/p>\n<p>[\/vc_column_text][vc_empty_space height=&#8221;15&#8243;][vc_empty_space height=&#8221;20&#8243;][\/vc_column][vc_column width=&#8221;1\/2&#8243;][\/vc_column][\/vc_row][vc_row type=&#8221;full_width&#8221; css=&#8221;.vc_custom_1532005246979{background-image: url(https:\/\/allprot.com.br\/web\/wp-content\/uploads\/2018\/07\/back-1.png?id=75405) !important;background-position: center !important;background-repeat: no-repeat !important;background-size: cover !important;}&#8221;][vc_column width=&#8221;1\/2&#8243; css=&#8221;.vc_custom_1532005157449{padding-left: 70px !important;}&#8221; offset=&#8221;vc_hidden-lg vc_hidden-md vc_hidden-sm vc_hidden-xs&#8221;][vc_custom_heading text=&#8221;Temos as mais modernas tecnologias a disposi\u00e7\u00e3o<br \/>\ndas mais diversas necessidades&#8221; font_container=&#8221;tag:h2|text_align:left|color:%23ffffff&#8221; use_theme_fonts=&#8221;yes&#8221; css=&#8221;.vc_custom_1522785690999{padding-top: 15px !important;padding-bottom: 15px !important;}&#8221;][info_list style=&#8221;circle with_bg&#8221; icon_color=&#8221;#e12b38&#8243; font_size_icon=&#8221;16&#8243; icon_border_style=&#8221;solid&#8221; icon_border_size=&#8221;0&#8243; connector_color=&#8221;#ffffff&#8221; connector_animation=&#8221;fadeInUp&#8221;][info_list_item list_title=&#8221;LENTES MONOFOCAIS&#8221; list_icon=&#8221;Defaults-eye&#8221; title_font_color=&#8221;#ffffff&#8221;][\/info_list_item][info_list_item list_title=&#8221;LENTES BIFOCAIS&#8221; list_icon=&#8221;Defaults-eye&#8221; title_font_color=&#8221;#ffffff&#8221;][\/info_list_item][info_list_item list_title=&#8221;LENTES MULTIFOCAIS&#8221; list_icon=&#8221;Defaults-eye&#8221; title_font_color=&#8221;#ffffff&#8221;][\/info_list_item][info_list_item list_title=&#8221;LENTES DIGITAIS&#8221; list_icon=&#8221;Defaults-eye&#8221; title_font_color=&#8221;#ffffff&#8221;][\/info_list_item][info_list_item list_title=&#8221;LENTES FREE-FORM&#8221; list_icon=&#8221;Defaults-eye&#8221; title_font_color=&#8221;#ffffff&#8221;][\/info_list_item][info_list_item list_title=&#8221;LENTES COM COLORA\u00c7\u00c3O&#8221; list_icon=&#8221;Defaults-eye&#8221; title_font_color=&#8221;#ffffff&#8221;][\/info_list_item][info_list_item list_title=&#8221;LENTES BLUE CUT&#8221; list_icon=&#8221;Defaults-eye&#8221; title_font_color=&#8221;#ffffff&#8221;][\/info_list_item][\/info_list][\/vc_column][vc_column width=&#8221;1\/2&#8243; offset=&#8221;vc_hidden-lg vc_hidden-md vc_hidden-sm vc_hidden-xs&#8221;][\/vc_column][\/vc_row][vc_row css=&#8221;.vc_custom_1532009334923{margin-top: 50px !important;}&#8221;][vc_column][vc_text_separator title=&#8221;SOBRE COMPRAR \u00d3CULOS DE SEGURAN\u00c7A COM GRAU NO RIO GRANDE DO SUL&#8221;][\/vc_column][\/vc_row][vc_row css=&#8221;.vc_custom_1532004654339{margin-top: 50px !important;padding-top: 30px !important;padding-bottom: 30px !important;}&#8221;][vc_column][vc_column_text css_animation=&#8221;top-to-bottom&#8221;]<span style=\"font-family: Montserrat; line-height: 25px; letter-spacing: 0.05em;\">A principal prote\u00e7\u00e3o dos <b>Comprar \u00f3culos de seguran\u00e7a com grau no Rio Grande do Sul<\/b> \u00e9 contra o impacto de part\u00edculas volantes, pequenos fragmentos gerados durante o processo de trabalho que s\u00e3o arremessadas em dire\u00e7\u00e3o aos olhos.<\/span>[\/vc_column_text][vc_empty_space height=&#8221;40&#8243;][vc_column_text css_animation=&#8221;top-to-bottom&#8221;]<span style=\"text-transform: text-align: justify; none;font-family: 'Montserrat'; line-height: 25px; letter-spacing: 0.05em;\">Dentre outros riscos que desafiam a prote\u00e7\u00e3o dos olhos, outras garantias diferenciadas <b>Comprar \u00f3culos de seguran\u00e7a com grau no Rio Grande do Sul<\/b> em s\u00e3o de:<\/span>[\/vc_column_text][vc_column_text css_animation=&#8221;top-to-bottom&#8221;]<\/p>\n<ul>\n<li>Luminosidade Intensa;<\/li>\n<li>Radia\u00e7\u00e3o Ultra Violeta;<\/li>\n<li>Radia\u00e7\u00e3o Infravermelha.<\/li>\n<\/ul>\n<p>&nbsp;<\/p>\n<p>&nbsp;<\/p>\n<p>[\/vc_column_text][vc_empty_space height=&#8221;40&#8243;][vc_column_text css_animation=&#8221;top-to-bottom&#8221;]<span style=\"text-transform: text-align: justify; none;font-family: 'Montserrat'; line-height: 25px; letter-spacing: 0.05em;\">A Allprot produz uma linha completa de modelos de <b>Comprar \u00f3culos de seguran\u00e7a com grau no Rio Grande do Sul<\/b>, com ergonomia, resist\u00eancia, conforto e seguran\u00e7a.<\/span>[\/vc_column_text][vc_empty_space height=&#8221;40&#8243;][vc_column_text css_animation=&#8221;top-to-bottom&#8221;]<span style=\"text-transform: text-align: justify; none;font-family: 'Montserrat'; line-height: 25px; letter-spacing: 0.05em;\">Utilizando mat\u00e9rias-primas da mais alta qualidade e com uma equipe profissional altamente treinada, <b>Comprar \u00f3culos de seguran\u00e7a com grau no Rio Grande do Sul<\/b> da Allprot \u00e9 a melhor escolha para a sua empresa.<\/span>[\/vc_column_text][vc_empty_space height=&#8221;20&#8243;][vc_column_text css_animation=&#8221;top-to-bottom&#8221;]<span style=\"text-transform: text-align: justify; none;font-family: 'Montserrat'; line-height: 25px; letter-spacing: 0.05em;\">Encontre e contrate Allprot, a melhor vis\u00e3o de seguran\u00e7a<\/span>[\/vc_column_text][vc_empty_space height=&#8221;20&#8243;][vc_separator][vc_empty_space height=&#8221;20&#8243;][vc_column_text css_animation=&#8221;top-to-bottom&#8221;]<span style=\"text-transform: text-align: justify; none;font-family: 'Montserrat'; line-height: 25px; letter-spacing: 0.05em;\">A Allprot &#8211; Materiais de Seguran\u00e7a \u00e9 uma empresa l\u00edder em seu segmento que desde 1996 e tem se especializado no segmento de \u00f3culos de seguran\u00e7a com lentes corretivas (graduadas) atendendo todo o territ\u00f3rio nacional: Acre, Alagoas, Amap\u00e1, Amazonas, Bahia, Cear\u00e1, Distrito Federal, Esp\u00edrito Santo, Goi\u00e1s, Maranh\u00e3o, Mato Grosso, Mato Grosso do Sul, Minas Gerais, Par\u00e1, Para\u00edba, Paran\u00e1, Pernambuco, Piau\u00ed, Rio de Janeiro, Rio Grande do Norte, Rio Grande do Sul, Rond\u00f4nia, Roraima, Santa Catarina, S\u00e3o Paulo, Sergipe, Tocantins.<\/span>[\/vc_column_text][vc_empty_space height=&#8221;20&#8243;][vc_column_text css_animation=&#8221;top-to-bottom&#8221;]<span style=\"text-transform: text-align: justify; none;font-family: 'Montserrat'; line-height: 25px; letter-spacing: 0.05em;\">Para saber mais sobre <b> Comprar \u00f3culos de seguran\u00e7a com grau no Rio Grande do Sul<\/b>, entre em contato atrav\u00e9s do telefone (11) 2672-1800 ou pelo e-mail vendas@allprot.com.br (\u00f3culos) | graduados@allprot.com.br (\u00f3culos graduado)<\/span>[\/vc_column_text][\/vc_column][\/vc_row]<\/p>\n","protected":false},"excerpt":{"rendered":"<p>[vc_row type=&#8221;full_width&#8221; css=&#8221;.vc_custom_1550148944773{border-left-width: 40px !important;padding-top: 40px !important;padding-bottom: 20px !important;background-color: #f2f2f2 !important;}&#8221;][vc_column][vc_custom_heading text=&#8221;COMPRAR \u00d3CULOS DE SEGURAN\u00c7A COM GRAU NO RIO GRANDE DO SUL&#8221; font_container=&#8221;tag:h1|text_align:center|color:%23da251d&#8221; use_theme_fonts=&#8221;yes&#8221;][\/vc_column][\/vc_row][vc_row type=&#8221;full_width&#8221; css=&#8221;.vc_custom_1544619650209{padding-top: 50px !important;padding-bottom: 20px !important;padding-left: 50px !important;background-image: url(https:\/\/allprot.com.br\/web\/wp-content\/uploads\/2018\/12\/background-lentess.jpg?id=75829) !important;background-position: center !important;background-repeat: no-repeat !important;background-size: cover !important;}&#8221;][vc_column width=&#8221;1\/2&#8243; css=&#8221;.vc_custom_1532011045629{padding-bottom: 40px !important;}&#8221;][vc_column_text css_animation=&#8221;left-to-right&#8221; css=&#8221;.vc_custom_1559669509771{padding-right: 50px !important;}&#8221;]A atividade de trabalho, que coloque em risco [&hellip;]<\/p>\n","protected":false},"author":1,"featured_media":0,"parent":0,"menu_order":0,"comment_status":"closed","ping_status":"closed","template":"elementor_header_footer","meta":[],"acf":[],"yoast_head":"<!-- This site is optimized with the Yoast SEO plugin v20.6 - https:\/\/yoast.com\/wordpress\/plugins\/seo\/ -->\n<title>Comprar \u00f3culos de seguran\u00e7a com grau no Rio Grande do Sul | Allprot<\/title>\n<meta name=\"description\" content=\"Para saber mais sobre comprar \u00f3culos de seguran\u00e7a com grau, entre em contato atrav\u00e9s do telefone (11) 2672-1800 ou pelo e-mail vendas@allprot.com.br (\u00f3culos) | graduados@allprot.com.br (\u00f3culos graduado)\" \/>\n<meta name=\"robots\" content=\"index, follow, max-snippet:-1, max-image-preview:large, max-video-preview:-1\" \/>\n<link rel=\"canonical\" href=\"https:\/\/allprot.com.br\/web\/comprar-oculos-de-seguranca-com-grau-no-rio-grande-do-sul\/\" \/>\n<meta property=\"og:locale\" content=\"pt_BR\" \/>\n<meta property=\"og:type\" content=\"article\" \/>\n<meta property=\"og:title\" content=\"Comprar \u00f3culos de seguran\u00e7a com grau no Rio Grande do Sul | Allprot\" \/>\n<meta property=\"og:description\" content=\"Para saber mais sobre comprar \u00f3culos de seguran\u00e7a com grau, entre em contato atrav\u00e9s do telefone (11) 2672-1800 ou pelo e-mail vendas@allprot.com.br (\u00f3culos) | graduados@allprot.com.br (\u00f3culos graduado)\" \/>\n<meta property=\"og:url\" content=\"https:\/\/allprot.com.br\/web\/comprar-oculos-de-seguranca-com-grau-no-rio-grande-do-sul\/\" \/>\n<meta property=\"og:site_name\" content=\"Allprot - Materiais de Seguran\u00e7a\" \/>\n<meta property=\"article:modified_time\" content=\"2023-03-24T15:00:52+00:00\" \/>\n<meta name=\"twitter:card\" content=\"summary_large_image\" \/>\n<meta name=\"twitter:label1\" content=\"Est. tempo de leitura\" \/>\n\t<meta name=\"twitter:data1\" content=\"5 minutos\" \/>\n<script type=\"application\/ld+json\" class=\"yoast-schema-graph\">{\"@context\":\"https:\/\/schema.org\",\"@graph\":[{\"@type\":\"WebPage\",\"@id\":\"https:\/\/allprot.com.br\/web\/comprar-oculos-de-seguranca-com-grau-no-rio-grande-do-sul\/\",\"url\":\"https:\/\/allprot.com.br\/web\/comprar-oculos-de-seguranca-com-grau-no-rio-grande-do-sul\/\",\"name\":\"Comprar \u00f3culos de seguran\u00e7a com grau no Rio Grande do Sul | Allprot\",\"isPartOf\":{\"@id\":\"https:\/\/allprot.com.br\/web\/#website\"},\"datePublished\":\"2019-08-27T16:38:08+00:00\",\"dateModified\":\"2023-03-24T15:00:52+00:00\",\"description\":\"Para saber mais sobre comprar \u00f3culos de seguran\u00e7a com grau, entre em contato atrav\u00e9s do telefone (11) 2672-1800 ou pelo e-mail vendas@allprot.com.br (\u00f3culos) | graduados@allprot.com.br (\u00f3culos graduado)\",\"breadcrumb\":{\"@id\":\"https:\/\/allprot.com.br\/web\/comprar-oculos-de-seguranca-com-grau-no-rio-grande-do-sul\/#breadcrumb\"},\"inLanguage\":\"pt-BR\",\"potentialAction\":[{\"@type\":\"ReadAction\",\"target\":[\"https:\/\/allprot.com.br\/web\/comprar-oculos-de-seguranca-com-grau-no-rio-grande-do-sul\/\"]}]},{\"@type\":\"BreadcrumbList\",\"@id\":\"https:\/\/allprot.com.br\/web\/comprar-oculos-de-seguranca-com-grau-no-rio-grande-do-sul\/#breadcrumb\",\"itemListElement\":[{\"@type\":\"ListItem\",\"position\":1,\"name\":\"Home\",\"item\":\"https:\/\/allprot.com.br\/web\/\"},{\"@type\":\"ListItem\",\"position\":2,\"name\":\"Comprar \u00f3culos de seguran\u00e7a com grau no Rio Grande do Sul\"}]},{\"@type\":\"WebSite\",\"@id\":\"https:\/\/allprot.com.br\/web\/#website\",\"url\":\"https:\/\/allprot.com.br\/web\/\",\"name\":\"Allprot - Materiais de Seguran\u00e7a\",\"description\":\"Fabricante de \u00f3culos de seguran\u00e7a com lentes graduadas. A maior oferta de arma\u00e7\u00f5es do mercado brasileiro. Prazo de entrega imbat\u00edvel e as melhores condi\u00e7\u00f5es comerciais que voc\u00ea pode querer. Atendimento em todo o territ\u00f3rio nacional e mais de 3.000 pontos de atendimento.\",\"publisher\":{\"@id\":\"https:\/\/allprot.com.br\/web\/#organization\"},\"potentialAction\":[{\"@type\":\"SearchAction\",\"target\":{\"@type\":\"EntryPoint\",\"urlTemplate\":\"https:\/\/allprot.com.br\/web\/?s={search_term_string}\"},\"query-input\":\"required name=search_term_string\"}],\"inLanguage\":\"pt-BR\"},{\"@type\":\"Organization\",\"@id\":\"https:\/\/allprot.com.br\/web\/#organization\",\"name\":\"Allprot - Materiais de Seguran\u00e7a\",\"url\":\"https:\/\/allprot.com.br\/web\/\",\"logo\":{\"@type\":\"ImageObject\",\"inLanguage\":\"pt-BR\",\"@id\":\"https:\/\/allprot.com.br\/web\/#\/schema\/logo\/image\/\",\"url\":\"https:\/\/allprot.com.br\/web\/wp-content\/uploads\/2022\/07\/cropped-Favicon-2.png\",\"contentUrl\":\"https:\/\/allprot.com.br\/web\/wp-content\/uploads\/2022\/07\/cropped-Favicon-2.png\",\"width\":512,\"height\":382,\"caption\":\"Allprot - Materiais de Seguran\u00e7a\"},\"image\":{\"@id\":\"https:\/\/allprot.com.br\/web\/#\/schema\/logo\/image\/\"}}]}<\/script>\n<!-- \/ Yoast SEO plugin. -->","yoast_head_json":{"title":"Comprar \u00f3culos de seguran\u00e7a com grau no Rio Grande do Sul | Allprot","description":"Para saber mais sobre comprar \u00f3culos de seguran\u00e7a com grau, entre em contato atrav\u00e9s do telefone (11) 2672-1800 ou pelo e-mail vendas@allprot.com.br (\u00f3culos) | graduados@allprot.com.br (\u00f3culos graduado)","robots":{"index":"index","follow":"follow","max-snippet":"max-snippet:-1","max-image-preview":"max-image-preview:large","max-video-preview":"max-video-preview:-1"},"canonical":"https:\/\/allprot.com.br\/web\/comprar-oculos-de-seguranca-com-grau-no-rio-grande-do-sul\/","og_locale":"pt_BR","og_type":"article","og_title":"Comprar \u00f3culos de seguran\u00e7a com grau no Rio Grande do Sul | Allprot","og_description":"Para saber mais sobre comprar \u00f3culos de seguran\u00e7a com grau, entre em contato atrav\u00e9s do telefone (11) 2672-1800 ou pelo e-mail vendas@allprot.com.br (\u00f3culos) | graduados@allprot.com.br (\u00f3culos graduado)","og_url":"https:\/\/allprot.com.br\/web\/comprar-oculos-de-seguranca-com-grau-no-rio-grande-do-sul\/","og_site_name":"Allprot - Materiais de Seguran\u00e7a","article_modified_time":"2023-03-24T15:00:52+00:00","twitter_card":"summary_large_image","twitter_misc":{"Est. tempo de leitura":"5 minutos"},"schema":{"@context":"https:\/\/schema.org","@graph":[{"@type":"WebPage","@id":"https:\/\/allprot.com.br\/web\/comprar-oculos-de-seguranca-com-grau-no-rio-grande-do-sul\/","url":"https:\/\/allprot.com.br\/web\/comprar-oculos-de-seguranca-com-grau-no-rio-grande-do-sul\/","name":"Comprar \u00f3culos de seguran\u00e7a com grau no Rio Grande do Sul | Allprot","isPartOf":{"@id":"https:\/\/allprot.com.br\/web\/#website"},"datePublished":"2019-08-27T16:38:08+00:00","dateModified":"2023-03-24T15:00:52+00:00","description":"Para saber mais sobre comprar \u00f3culos de seguran\u00e7a com grau, entre em contato atrav\u00e9s do telefone (11) 2672-1800 ou pelo e-mail vendas@allprot.com.br (\u00f3culos) | graduados@allprot.com.br (\u00f3culos graduado)","breadcrumb":{"@id":"https:\/\/allprot.com.br\/web\/comprar-oculos-de-seguranca-com-grau-no-rio-grande-do-sul\/#breadcrumb"},"inLanguage":"pt-BR","potentialAction":[{"@type":"ReadAction","target":["https:\/\/allprot.com.br\/web\/comprar-oculos-de-seguranca-com-grau-no-rio-grande-do-sul\/"]}]},{"@type":"BreadcrumbList","@id":"https:\/\/allprot.com.br\/web\/comprar-oculos-de-seguranca-com-grau-no-rio-grande-do-sul\/#breadcrumb","itemListElement":[{"@type":"ListItem","position":1,"name":"Home","item":"https:\/\/allprot.com.br\/web\/"},{"@type":"ListItem","position":2,"name":"Comprar \u00f3culos de seguran\u00e7a com grau no Rio Grande do Sul"}]},{"@type":"WebSite","@id":"https:\/\/allprot.com.br\/web\/#website","url":"https:\/\/allprot.com.br\/web\/","name":"Allprot - Materiais de Seguran\u00e7a","description":"Fabricante de \u00f3culos de seguran\u00e7a com lentes graduadas. A maior oferta de arma\u00e7\u00f5es do mercado brasileiro. Prazo de entrega imbat\u00edvel e as melhores condi\u00e7\u00f5es comerciais que voc\u00ea pode querer. Atendimento em todo o territ\u00f3rio nacional e mais de 3.000 pontos de atendimento.","publisher":{"@id":"https:\/\/allprot.com.br\/web\/#organization"},"potentialAction":[{"@type":"SearchAction","target":{"@type":"EntryPoint","urlTemplate":"https:\/\/allprot.com.br\/web\/?s={search_term_string}"},"query-input":"required name=search_term_string"}],"inLanguage":"pt-BR"},{"@type":"Organization","@id":"https:\/\/allprot.com.br\/web\/#organization","name":"Allprot - Materiais de Seguran\u00e7a","url":"https:\/\/allprot.com.br\/web\/","logo":{"@type":"ImageObject","inLanguage":"pt-BR","@id":"https:\/\/allprot.com.br\/web\/#\/schema\/logo\/image\/","url":"https:\/\/allprot.com.br\/web\/wp-content\/uploads\/2022\/07\/cropped-Favicon-2.png","contentUrl":"https:\/\/allprot.com.br\/web\/wp-content\/uploads\/2022\/07\/cropped-Favicon-2.png","width":512,"height":382,"caption":"Allprot - Materiais de Seguran\u00e7a"},"image":{"@id":"https:\/\/allprot.com.br\/web\/#\/schema\/logo\/image\/"}}]}},"_links":{"self":[{"href":"https:\/\/allprot.com.br\/web\/wp-json\/wp\/v2\/pages\/77070"}],"collection":[{"href":"https:\/\/allprot.com.br\/web\/wp-json\/wp\/v2\/pages"}],"about":[{"href":"https:\/\/allprot.com.br\/web\/wp-json\/wp\/v2\/types\/page"}],"author":[{"embeddable":true,"href":"https:\/\/allprot.com.br\/web\/wp-json\/wp\/v2\/users\/1"}],"replies":[{"embeddable":true,"href":"https:\/\/allprot.com.br\/web\/wp-json\/wp\/v2\/comments?post=77070"}],"version-history":[{"count":1,"href":"https:\/\/allprot.com.br\/web\/wp-json\/wp\/v2\/pages\/77070\/revisions"}],"predecessor-version":[{"id":80870,"href":"https:\/\/allprot.com.br\/web\/wp-json\/wp\/v2\/pages\/77070\/revisions\/80870"}],"wp:attachment":[{"href":"https:\/\/allprot.com.br\/web\/wp-json\/wp\/v2\/media?parent=77070"}],"curies":[{"name":"wp","href":"https:\/\/api.w.org\/{rel}","templated":true}]}}