{"id":665,"date":"2022-07-01T17:26:51","date_gmt":"2022-07-01T20:26:51","guid":{"rendered":"https:\/\/allprot.com.br\/web\/?page_id=665"},"modified":"2023-03-24T12:00:12","modified_gmt":"2023-03-24T15:00:12","slug":"tratamentos","status":"publish","type":"page","link":"https:\/\/allprot.com.br\/web\/tratamentos\/","title":{"rendered":"Tratamentos"},"content":{"rendered":"\t\t<div data-elementor-type=\"wp-page\" data-elementor-id=\"665\" class=\"elementor elementor-665\">\n\t\t\t\t\t\t\t\t\t<section class=\"elementor-section elementor-top-section elementor-element elementor-element-5f7f2ad elementor-section-boxed elementor-section-height-default elementor-section-height-default exad-glass-effect-no exad-sticky-section-no\" data-id=\"5f7f2ad\" data-element_type=\"section\">\n\t\t\t\t\t\t<div class=\"elementor-container elementor-column-gap-default\">\n\t\t\t\t\t<div class=\"elementor-column elementor-col-100 elementor-top-column elementor-element elementor-element-1a26d64 exad-glass-effect-no exad-sticky-section-no\" data-id=\"1a26d64\" data-element_type=\"column\">\n\t\t\t<div class=\"elementor-widget-wrap elementor-element-populated\">\n\t\t\t\t\t\t\t\t<div class=\"elementor-element elementor-element-668e7e4 exad-sticky-section-no exad-glass-effect-no elementor-widget elementor-widget-heading\" data-id=\"668e7e4\" data-element_type=\"widget\" data-widget_type=\"heading.default\">\n\t\t\t\t<div class=\"elementor-widget-container\">\n\t\t\t<style>\/*! elementor - v3.7.8 - 02-10-2022 *\/\n.elementor-heading-title{padding:0;margin:0;line-height:1}.elementor-widget-heading .elementor-heading-title[class*=elementor-size-]>a{color:inherit;font-size:inherit;line-height:inherit}.elementor-widget-heading .elementor-heading-title.elementor-size-small{font-size:15px}.elementor-widget-heading .elementor-heading-title.elementor-size-medium{font-size:19px}.elementor-widget-heading .elementor-heading-title.elementor-size-large{font-size:29px}.elementor-widget-heading .elementor-heading-title.elementor-size-xl{font-size:39px}.elementor-widget-heading .elementor-heading-title.elementor-size-xxl{font-size:59px}<\/style><h2 class=\"elementor-heading-title elementor-size-default\">TRATAMENTOS<\/h2>\t\t<\/div>\n\t\t\t\t<\/div>\n\t\t\t\t<div class=\"elementor-element elementor-element-487a1a6 exad-sticky-section-no exad-glass-effect-no elementor-widget elementor-widget-text-editor\" data-id=\"487a1a6\" data-element_type=\"widget\" data-widget_type=\"text-editor.default\">\n\t\t\t\t<div class=\"elementor-widget-container\">\n\t\t\t<style>\/*! elementor - v3.7.8 - 02-10-2022 *\/\n.elementor-widget-text-editor.elementor-drop-cap-view-stacked .elementor-drop-cap{background-color:#818a91;color:#fff}.elementor-widget-text-editor.elementor-drop-cap-view-framed .elementor-drop-cap{color:#818a91;border:3px solid;background-color:transparent}.elementor-widget-text-editor:not(.elementor-drop-cap-view-default) .elementor-drop-cap{margin-top:8px}.elementor-widget-text-editor:not(.elementor-drop-cap-view-default) .elementor-drop-cap-letter{width:1em;height:1em}.elementor-widget-text-editor .elementor-drop-cap{float:left;text-align:center;line-height:1;font-size:50px}.elementor-widget-text-editor .elementor-drop-cap-letter{display:inline-block}<\/style>\t\t\t\t<p><strong>N\u00e3o h\u00e1 risco sem prote\u00e7\u00e3o!<\/strong><\/p><p>Oferecemos diversos tratamentos como:<\/p>\t\t\t\t\t\t<\/div>\n\t\t\t\t<\/div>\n\t\t\t\t<div class=\"elementor-element elementor-element-c3cb8dd dce_masking-none exad-sticky-section-no exad-glass-effect-no elementor-widget elementor-widget-image\" data-id=\"c3cb8dd\" data-element_type=\"widget\" data-widget_type=\"image.default\">\n\t\t\t\t<div class=\"elementor-widget-container\">\n\t\t\t<style>\/*! elementor - v3.7.8 - 02-10-2022 *\/\n.elementor-widget-image{text-align:center}.elementor-widget-image a{display:inline-block}.elementor-widget-image a img[src$=\".svg\"]{width:48px}.elementor-widget-image img{vertical-align:middle;display:inline-block}<\/style>\t\t\t\t\t\t\t\t\t\t\t\t<img decoding=\"async\" width=\"195\" height=\"7\" src=\"https:\/\/allprot.com.br\/web\/wp-content\/uploads\/2022\/06\/divisor-01-2.png\" class=\"attachment-large size-large\" alt=\"\" loading=\"lazy\" \/>\t\t\t\t\t\t\t\t\t\t\t\t\t\t\t<\/div>\n\t\t\t\t<\/div>\n\t\t\t\t\t<\/div>\n\t\t<\/div>\n\t\t\t\t\t\t\t<\/div>\n\t\t<\/section>\n\t\t\t\t<section data-dce-background-color=\"#FFFFFF\" class=\"elementor-section elementor-top-section elementor-element elementor-element-6281d72 elementor-section-content-middle elementor-section-boxed elementor-section-height-default elementor-section-height-default exad-glass-effect-no exad-sticky-section-no\" data-id=\"6281d72\" data-element_type=\"section\" data-settings=\"{&quot;background_background&quot;:&quot;classic&quot;}\">\n\t\t\t\t\t\t<div class=\"elementor-container elementor-column-gap-no\">\n\t\t\t\t\t<div class=\"elementor-column elementor-col-50 elementor-top-column elementor-element elementor-element-e8773f4 exad-glass-effect-no exad-sticky-section-no\" data-id=\"e8773f4\" data-element_type=\"column\">\n\t\t\t<div class=\"elementor-widget-wrap elementor-element-populated\">\n\t\t\t\t\t\t\t\t<section class=\"elementor-section elementor-inner-section elementor-element elementor-element-f01c2ef elementor-reverse-mobile elementor-section-boxed elementor-section-height-default elementor-section-height-default exad-glass-effect-no exad-sticky-section-no\" data-id=\"f01c2ef\" data-element_type=\"section\">\n\t\t\t\t\t\t<div class=\"elementor-container elementor-column-gap-no\">\n\t\t\t\t\t<div class=\"elementor-column elementor-col-50 elementor-inner-column elementor-element elementor-element-6fb5eae exad-glass-effect-no exad-sticky-section-no\" data-id=\"6fb5eae\" data-element_type=\"column\">\n\t\t\t<div class=\"elementor-widget-wrap elementor-element-populated\">\n\t\t\t\t\t\t\t\t<div class=\"elementor-element elementor-element-375b375 exad-sticky-section-no exad-glass-effect-no elementor-widget elementor-widget-heading\" data-id=\"375b375\" data-element_type=\"widget\" data-widget_type=\"heading.default\">\n\t\t\t\t<div class=\"elementor-widget-container\">\n\t\t\t<h2 class=\"elementor-heading-title elementor-size-default\">TRATAMENTO ANTIRRISCO<\/h2>\t\t<\/div>\n\t\t\t\t<\/div>\n\t\t\t\t<div class=\"elementor-element elementor-element-ba7aedc exad-sticky-section-no exad-glass-effect-no elementor-widget elementor-widget-text-editor\" data-id=\"ba7aedc\" data-element_type=\"widget\" data-widget_type=\"text-editor.default\">\n\t\t\t\t<div class=\"elementor-widget-container\">\n\t\t\t\t\t\t\tPara cada pessoa, um tipo de vis\u00e3o. Para cada tipo de vis\u00e3o, um \u00f3culos com a lente certa. As lentes monofocais, como o nome j\u00e1 diz, possuem somente um foco de vis\u00e3o, ou seja, para perto ou para longe.\n\n\t\t\t\t\t\t<\/div>\n\t\t\t\t<\/div>\n\t\t\t\t\t<\/div>\n\t\t<\/div>\n\t\t\t\t<div class=\"elementor-column elementor-col-50 elementor-inner-column elementor-element elementor-element-553debb exad-glass-effect-no exad-sticky-section-no\" data-id=\"553debb\" data-element_type=\"column\">\n\t\t\t<div class=\"elementor-widget-wrap elementor-element-populated\">\n\t\t\t\t\t\t\t\t<div class=\"elementor-element elementor-element-04e317d elementor-view-default exad-sticky-section-no exad-glass-effect-no elementor-widget elementor-widget-icon\" data-id=\"04e317d\" data-element_type=\"widget\" data-widget_type=\"icon.default\">\n\t\t\t\t<div class=\"elementor-widget-container\">\n\t\t\t\t\t<div class=\"elementor-icon-wrapper\">\n\t\t\t<div class=\"elementor-icon\">\n\t\t\t<i aria-hidden=\"true\" class=\"fas fa-shield-alt\"><\/i>\t\t\t<\/div>\n\t\t<\/div>\n\t\t\t\t<\/div>\n\t\t\t\t<\/div>\n\t\t\t\t\t<\/div>\n\t\t<\/div>\n\t\t\t\t\t\t\t<\/div>\n\t\t<\/section>\n\t\t\t\t<section class=\"elementor-section elementor-inner-section elementor-element elementor-element-8b6a05b elementor-reverse-mobile elementor-section-boxed elementor-section-height-default elementor-section-height-default exad-glass-effect-no exad-sticky-section-no\" data-id=\"8b6a05b\" data-element_type=\"section\">\n\t\t\t\t\t\t<div class=\"elementor-container elementor-column-gap-no\">\n\t\t\t\t\t<div class=\"elementor-column elementor-col-50 elementor-inner-column elementor-element elementor-element-08a0830 exad-glass-effect-no exad-sticky-section-no\" data-id=\"08a0830\" data-element_type=\"column\">\n\t\t\t<div class=\"elementor-widget-wrap elementor-element-populated\">\n\t\t\t\t\t\t\t\t<div class=\"elementor-element elementor-element-4803c79 exad-sticky-section-no exad-glass-effect-no elementor-widget elementor-widget-heading\" data-id=\"4803c79\" data-element_type=\"widget\" data-widget_type=\"heading.default\">\n\t\t\t\t<div class=\"elementor-widget-container\">\n\t\t\t<h2 class=\"elementor-heading-title elementor-size-default\">TRATAMENTO ANTIRREFLEXO\n<\/h2>\t\t<\/div>\n\t\t\t\t<\/div>\n\t\t\t\t<div class=\"elementor-element elementor-element-3a757cf exad-sticky-section-no exad-glass-effect-no elementor-widget elementor-widget-text-editor\" data-id=\"3a757cf\" data-element_type=\"widget\" data-widget_type=\"text-editor.default\">\n\t\t\t\t<div class=\"elementor-widget-container\">\n\t\t\t\t\t\t\t<p>A camada antirreflexo possibilita, ao mesmo tempo, uma vis\u00e3o mais n\u00edtida e uma melhor apar\u00eancia (sem reflexos nas lentes). As lentes sem a camada antirreflexo produzem reflexos de luz ou efeitos de espelhamento que atrapalham, tanto quem usa quanto a pessoa com quem ele(a) est\u00e1 falando.<\/p>\t\t\t\t\t\t<\/div>\n\t\t\t\t<\/div>\n\t\t\t\t\t<\/div>\n\t\t<\/div>\n\t\t\t\t<div class=\"elementor-column elementor-col-50 elementor-inner-column elementor-element elementor-element-188ba0d exad-glass-effect-no exad-sticky-section-no\" data-id=\"188ba0d\" data-element_type=\"column\">\n\t\t\t<div class=\"elementor-widget-wrap elementor-element-populated\">\n\t\t\t\t\t\t\t\t<div class=\"elementor-element elementor-element-f78dd5a elementor-view-default exad-sticky-section-no exad-glass-effect-no elementor-widget elementor-widget-icon\" data-id=\"f78dd5a\" data-element_type=\"widget\" data-widget_type=\"icon.default\">\n\t\t\t\t<div class=\"elementor-widget-container\">\n\t\t\t\t\t<div class=\"elementor-icon-wrapper\">\n\t\t\t<div class=\"elementor-icon\">\n\t\t\t<i aria-hidden=\"true\" class=\"fas fa-shield-alt\"><\/i>\t\t\t<\/div>\n\t\t<\/div>\n\t\t\t\t<\/div>\n\t\t\t\t<\/div>\n\t\t\t\t\t<\/div>\n\t\t<\/div>\n\t\t\t\t\t\t\t<\/div>\n\t\t<\/section>\n\t\t\t\t\t<\/div>\n\t\t<\/div>\n\t\t\t\t<div class=\"elementor-column elementor-col-50 elementor-top-column elementor-element elementor-element-d26d727 exad-glass-effect-no exad-sticky-section-no\" data-id=\"d26d727\" data-element_type=\"column\">\n\t\t\t<div class=\"elementor-widget-wrap elementor-element-populated\">\n\t\t\t\t\t\t\t\t<div class=\"elementor-element elementor-element-327bf62 dce_masking-none exad-sticky-section-no exad-glass-effect-no elementor-widget elementor-widget-image\" data-id=\"327bf62\" data-element_type=\"widget\" data-widget_type=\"image.default\">\n\t\t\t\t<div class=\"elementor-widget-container\">\n\t\t\t\t\t\t\t\t\t\t\t\t\t\t\t<img decoding=\"async\" width=\"800\" height=\"534\" src=\"https:\/\/allprot.com.br\/web\/wp-content\/uploads\/2022\/06\/Icaro-4.jpeg\" class=\"attachment-large size-large\" alt=\"\" loading=\"lazy\" srcset=\"https:\/\/allprot.com.br\/web\/wp-content\/uploads\/2022\/06\/Icaro-4.jpeg 1024w, https:\/\/allprot.com.br\/web\/wp-content\/uploads\/2022\/06\/Icaro-4-300x200.jpeg 300w, https:\/\/allprot.com.br\/web\/wp-content\/uploads\/2022\/06\/Icaro-4-768x512.jpeg 768w\" sizes=\"(max-width: 800px) 100vw, 800px\" \/>\t\t\t\t\t\t\t\t\t\t\t\t\t\t\t<\/div>\n\t\t\t\t<\/div>\n\t\t\t\t\t<\/div>\n\t\t<\/div>\n\t\t\t\t\t\t\t<\/div>\n\t\t<\/section>\n\t\t\t\t<section class=\"elementor-section elementor-top-section elementor-element elementor-element-a23e429 elementor-section-boxed elementor-section-height-default elementor-section-height-default exad-glass-effect-no exad-sticky-section-no\" data-id=\"a23e429\" data-element_type=\"section\" data-settings=\"{&quot;background_background&quot;:&quot;classic&quot;}\">\n\t\t\t\t\t\t<div class=\"elementor-container elementor-column-gap-default\">\n\t\t\t\t\t<div class=\"elementor-column elementor-col-100 elementor-top-column elementor-element elementor-element-d4cecfb exad-glass-effect-no exad-sticky-section-no\" data-id=\"d4cecfb\" data-element_type=\"column\">\n\t\t\t<div class=\"elementor-widget-wrap elementor-element-populated\">\n\t\t\t\t\t\t\t\t<div class=\"elementor-element elementor-element-6bd4923 exad-sticky-section-no exad-glass-effect-no elementor-widget elementor-widget-heading\" data-id=\"6bd4923\" data-element_type=\"widget\" data-widget_type=\"heading.default\">\n\t\t\t\t<div class=\"elementor-widget-container\">\n\t\t\t<h2 class=\"elementor-heading-title elementor-size-default\">OUTROS TRATAMENTOS<\/h2>\t\t<\/div>\n\t\t\t\t<\/div>\n\t\t\t\t<div class=\"elementor-element elementor-element-2c5ac72 elementor-grid-1 elementor-posts--thumbnail-none elementor-grid-tablet-2 elementor-grid-mobile-1 elementor-card-shadow-yes elementor-posts__hover-gradient exad-sticky-section-no exad-glass-effect-no elementor-widget elementor-widget-posts\" data-id=\"2c5ac72\" data-element_type=\"widget\" data-settings=\"{&quot;cards_columns&quot;:&quot;1&quot;,&quot;cards_row_gap&quot;:{&quot;unit&quot;:&quot;px&quot;,&quot;size&quot;:30,&quot;sizes&quot;:[]},&quot;cards_columns_tablet&quot;:&quot;2&quot;,&quot;cards_columns_mobile&quot;:&quot;1&quot;,&quot;cards_row_gap_tablet&quot;:{&quot;unit&quot;:&quot;px&quot;,&quot;size&quot;:&quot;&quot;,&quot;sizes&quot;:[]},&quot;cards_row_gap_mobile&quot;:{&quot;unit&quot;:&quot;px&quot;,&quot;size&quot;:&quot;&quot;,&quot;sizes&quot;:[]}}\" data-widget_type=\"posts.cards\">\n\t\t\t\t<div class=\"elementor-widget-container\">\n\t\t\t<link rel=\"stylesheet\" href=\"https:\/\/allprot.com.br\/web\/wp-content\/plugins\/elementor-pro\/assets\/css\/widget-posts.min.css\">\t\t<div class=\"elementor-posts-container elementor-posts elementor-posts--skin-cards elementor-grid\">\n\t\t\t\t<article class=\"elementor-post elementor-grid-item post-673 tratamentos type-tratamentos status-publish hentry\">\n\t\t\t<div class=\"elementor-post__card\">\n\t\t\t\t<div class=\"elementor-post__text\">\n\t\t\t\t<h3 class=\"elementor-post__title\">\n\t\t\t<a href=\"https:\/\/allprot.com.br\/web\/tratamentos\/tratamento-contra-radiacao-uv\/\" >\n\t\t\t\tTRATAMENTO CONTRA RADIA\u00c7\u00c3O UV\t\t\t<\/a>\n\t\t<\/h3>\n\t\t\t\t<div class=\"elementor-post__excerpt\">\n\t\t\t<p>\u00c9 vital que o olho esteja adequadamente protegido contra os efeitos prejudiciais da radia\u00e7\u00e3o ultravioleta. Essa radia\u00e7\u00e3o, normalmente presente na luz solar e em ambientes a c\u00e9u aberto, tamb\u00e9m pode ser encontrada em l\u00e2mpadas especificas e equipamentos eletr\u00f4nicos. Seus efeitos nocivos tamb\u00e9m podem ser amplificados em superf\u00edcies como \u00e1gua, neve, areia branca e at\u00e9 superf\u00edcies met\u00e1licas. Os danos decorrentes de sua exposi\u00e7\u00e3o s\u00e3o acumulativos e permanentes, levando a doen\u00e7as como a catarata laboral e, em alguns casos, c\u00e2ncer de pele. Como a regi\u00e3o dos olhos tem uma camada fina e sens\u00edvel de pele, nada melhor do que proteger seus olhos desses efeitos nocivos. Ao contrario do que muitos pensam, lentes incolores tamb\u00e9m podem ter prote\u00e7\u00e3o adicional contra radia\u00e7\u00e3o ultravioleta, n\u00e3o necessitando de qualquer colora\u00e7\u00e3o extra.<\/p>\n\t\t<\/div>\n\t\t\t\t<\/div>\n\t\t\t\t\t<\/div>\n\t\t<\/article>\n\t\t\t\t<article class=\"elementor-post elementor-grid-item post-672 tratamentos type-tratamentos status-publish hentry\">\n\t\t\t<div class=\"elementor-post__card\">\n\t\t\t\t<div class=\"elementor-post__text\">\n\t\t\t\t<h3 class=\"elementor-post__title\">\n\t\t\t<a href=\"https:\/\/allprot.com.br\/web\/tratamentos\/tratamento-antiembacante\/\" >\n\t\t\t\tTRATAMENTO ANTIEMBA\u00c7ANTE\t\t\t<\/a>\n\t\t<\/h3>\n\t\t\t\t<div class=\"elementor-post__excerpt\">\n\t\t\t<p>Na lente padr\u00e3o, o emba\u00e7amento \u00e9 formado por min\u00fasculas got\u00edculas de \u00e1gua acumuladas na sua superf\u00edcie. Gra\u00e7as ao revestimento hidrof\u00f3bico essas min\u00fasculas got\u00edculas de \u00e1gua se espalham por toda a superf\u00edcie da lente, criando uma pel\u00edcula uniforme e invis\u00edvel para o usu\u00e1rio de \u00f3culos. Esse tratamento propicia conforto e facilidade na limpeza e manuten\u00e7\u00e3o, bem como seguran\u00e7a total em situa\u00e7\u00f5es de risco que possam emba\u00e7ar as lentes de maneira repentina como c\u00e2maras frias e cozinhas industriais.<\/p>\n\t\t<\/div>\n\t\t\t\t<\/div>\n\t\t\t\t\t<\/div>\n\t\t<\/article>\n\t\t\t\t<article class=\"elementor-post elementor-grid-item post-671 tratamentos type-tratamentos status-publish hentry\">\n\t\t\t<div class=\"elementor-post__card\">\n\t\t\t\t<div class=\"elementor-post__text\">\n\t\t\t\t<h3 class=\"elementor-post__title\">\n\t\t\t<a href=\"https:\/\/allprot.com.br\/web\/tratamentos\/tratamento-ice\/\" >\n\t\t\t\tTratamento ICE\t\t\t<\/a>\n\t\t<\/h3>\n\t\t\t\t<div class=\"elementor-post__excerpt\">\n\t\t\t<p>\u00c9 o nosso tratamento Antirreflexo com 18 camadas contendo uma propor\u00e7\u00e3o elevada de mol\u00e9culas que preenchem qualquer ranhura microsc\u00f3pica nas superf\u00edcies da lente, o que as torna muito mais lisas. Isso se traduz em maior resist\u00eancia \u00e0 poeira, manchas e arranh\u00f5es, sem falar na maior transpar\u00eancia e facilidade de limpeza e higieniza\u00e7\u00e3o. Possuem 2 camadas de Tratamento Antiest\u00e1tico, 2 camadas de Tratamento Super Oleof\u00f3bico, 2 camadas de Tratamento Super Hidrof\u00f3bico, 10 camadas de Tratamento Antirreflexo e 2 camadas de Tratamento Antirrisco.<\/p>\n\t\t<\/div>\n\t\t\t\t<\/div>\n\t\t\t\t\t<\/div>\n\t\t<\/article>\n\t\t\t\t<\/div>\n\n\n\t\t\n\t\t\t\t<\/div>\n\t\t\t\t<\/div>\n\t\t\t\t\t<\/div>\n\t\t<\/div>\n\t\t\t\t\t\t\t<\/div>\n\t\t<\/section>\n\t\t\t\t\t\t\t<\/div>\n\t\t","protected":false},"excerpt":{"rendered":"<p>TRATAMENTOS N\u00e3o h\u00e1 risco sem prote\u00e7\u00e3o! Oferecemos diversos tratamentos como: TRATAMENTO ANTIRRISCO Para cada pessoa, um tipo de vis\u00e3o. Para cada tipo de vis\u00e3o, um \u00f3culos com a lente certa. As lentes monofocais, como o nome j\u00e1 diz, possuem somente um foco de vis\u00e3o, ou seja, para perto ou para longe. TRATAMENTO ANTIRREFLEXO A camada [&hellip;]<\/p>\n","protected":false},"author":1,"featured_media":0,"parent":0,"menu_order":0,"comment_status":"closed","ping_status":"closed","template":"","meta":[],"acf":[],"yoast_head":"<!-- This site is optimized with the Yoast SEO plugin v20.6 - https:\/\/yoast.com\/wordpress\/plugins\/seo\/ -->\n<title>Tratamentos - Allprot - Materiais de Seguran\u00e7a<\/title>\n<meta name=\"robots\" content=\"index, follow, max-snippet:-1, max-image-preview:large, max-video-preview:-1\" \/>\n<link rel=\"canonical\" href=\"https:\/\/allprot.com.br\/web\/tratamentos\/\" \/>\n<meta property=\"og:locale\" content=\"pt_BR\" \/>\n<meta property=\"og:type\" content=\"article\" \/>\n<meta property=\"og:title\" content=\"Tratamentos - Allprot - Materiais de Seguran\u00e7a\" \/>\n<meta property=\"og:description\" content=\"TRATAMENTOS N\u00e3o h\u00e1 risco sem prote\u00e7\u00e3o! Oferecemos diversos tratamentos como: TRATAMENTO ANTIRRISCO Para cada pessoa, um tipo de vis\u00e3o. Para cada tipo de vis\u00e3o, um \u00f3culos com a lente certa. As lentes monofocais, como o nome j\u00e1 diz, possuem somente um foco de vis\u00e3o, ou seja, para perto ou para longe. TRATAMENTO ANTIRREFLEXO A camada [&hellip;]\" \/>\n<meta property=\"og:url\" content=\"https:\/\/allprot.com.br\/web\/tratamentos\/\" \/>\n<meta property=\"og:site_name\" content=\"Allprot - Materiais de Seguran\u00e7a\" \/>\n<meta property=\"article:modified_time\" content=\"2023-03-24T15:00:12+00:00\" \/>\n<meta property=\"og:image\" content=\"http:\/\/allprot.deploy.ag\/wp-content\/uploads\/2022\/06\/divisor-01-2.png\" \/>\n<meta name=\"twitter:card\" content=\"summary_large_image\" \/>\n<meta name=\"twitter:label1\" content=\"Est. tempo de leitura\" \/>\n\t<meta name=\"twitter:data1\" content=\"1 minuto\" \/>\n<script type=\"application\/ld+json\" class=\"yoast-schema-graph\">{\"@context\":\"https:\/\/schema.org\",\"@graph\":[{\"@type\":\"WebPage\",\"@id\":\"https:\/\/allprot.com.br\/web\/tratamentos\/\",\"url\":\"https:\/\/allprot.com.br\/web\/tratamentos\/\",\"name\":\"Tratamentos - Allprot - Materiais de Seguran\u00e7a\",\"isPartOf\":{\"@id\":\"https:\/\/allprot.com.br\/web\/#website\"},\"datePublished\":\"2022-07-01T20:26:51+00:00\",\"dateModified\":\"2023-03-24T15:00:12+00:00\",\"breadcrumb\":{\"@id\":\"https:\/\/allprot.com.br\/web\/tratamentos\/#breadcrumb\"},\"inLanguage\":\"pt-BR\",\"potentialAction\":[{\"@type\":\"ReadAction\",\"target\":[\"https:\/\/allprot.com.br\/web\/tratamentos\/\"]}]},{\"@type\":\"BreadcrumbList\",\"@id\":\"https:\/\/allprot.com.br\/web\/tratamentos\/#breadcrumb\",\"itemListElement\":[{\"@type\":\"ListItem\",\"position\":1,\"name\":\"Home\",\"item\":\"https:\/\/allprot.com.br\/web\/\"},{\"@type\":\"ListItem\",\"position\":2,\"name\":\"Tratamentos\"}]},{\"@type\":\"WebSite\",\"@id\":\"https:\/\/allprot.com.br\/web\/#website\",\"url\":\"https:\/\/allprot.com.br\/web\/\",\"name\":\"Allprot - Materiais de Seguran\u00e7a\",\"description\":\"Fabricante de \u00f3culos de seguran\u00e7a com lentes graduadas. A maior oferta de arma\u00e7\u00f5es do mercado brasileiro. Prazo de entrega imbat\u00edvel e as melhores condi\u00e7\u00f5es comerciais que voc\u00ea pode querer. Atendimento em todo o territ\u00f3rio nacional e mais de 3.000 pontos de atendimento.\",\"publisher\":{\"@id\":\"https:\/\/allprot.com.br\/web\/#organization\"},\"potentialAction\":[{\"@type\":\"SearchAction\",\"target\":{\"@type\":\"EntryPoint\",\"urlTemplate\":\"https:\/\/allprot.com.br\/web\/?s={search_term_string}\"},\"query-input\":\"required name=search_term_string\"}],\"inLanguage\":\"pt-BR\"},{\"@type\":\"Organization\",\"@id\":\"https:\/\/allprot.com.br\/web\/#organization\",\"name\":\"Allprot - Materiais de Seguran\u00e7a\",\"url\":\"https:\/\/allprot.com.br\/web\/\",\"logo\":{\"@type\":\"ImageObject\",\"inLanguage\":\"pt-BR\",\"@id\":\"https:\/\/allprot.com.br\/web\/#\/schema\/logo\/image\/\",\"url\":\"https:\/\/allprot.com.br\/web\/wp-content\/uploads\/2022\/07\/cropped-Favicon-2.png\",\"contentUrl\":\"https:\/\/allprot.com.br\/web\/wp-content\/uploads\/2022\/07\/cropped-Favicon-2.png\",\"width\":512,\"height\":382,\"caption\":\"Allprot - Materiais de Seguran\u00e7a\"},\"image\":{\"@id\":\"https:\/\/allprot.com.br\/web\/#\/schema\/logo\/image\/\"}}]}<\/script>\n<!-- \/ Yoast SEO plugin. -->","yoast_head_json":{"title":"Tratamentos - Allprot - Materiais de Seguran\u00e7a","robots":{"index":"index","follow":"follow","max-snippet":"max-snippet:-1","max-image-preview":"max-image-preview:large","max-video-preview":"max-video-preview:-1"},"canonical":"https:\/\/allprot.com.br\/web\/tratamentos\/","og_locale":"pt_BR","og_type":"article","og_title":"Tratamentos - Allprot - Materiais de Seguran\u00e7a","og_description":"TRATAMENTOS N\u00e3o h\u00e1 risco sem prote\u00e7\u00e3o! Oferecemos diversos tratamentos como: TRATAMENTO ANTIRRISCO Para cada pessoa, um tipo de vis\u00e3o. Para cada tipo de vis\u00e3o, um \u00f3culos com a lente certa. As lentes monofocais, como o nome j\u00e1 diz, possuem somente um foco de vis\u00e3o, ou seja, para perto ou para longe. TRATAMENTO ANTIRREFLEXO A camada [&hellip;]","og_url":"https:\/\/allprot.com.br\/web\/tratamentos\/","og_site_name":"Allprot - Materiais de Seguran\u00e7a","article_modified_time":"2023-03-24T15:00:12+00:00","og_image":[{"url":"http:\/\/allprot.deploy.ag\/wp-content\/uploads\/2022\/06\/divisor-01-2.png"}],"twitter_card":"summary_large_image","twitter_misc":{"Est. tempo de leitura":"1 minuto"},"schema":{"@context":"https:\/\/schema.org","@graph":[{"@type":"WebPage","@id":"https:\/\/allprot.com.br\/web\/tratamentos\/","url":"https:\/\/allprot.com.br\/web\/tratamentos\/","name":"Tratamentos - Allprot - Materiais de Seguran\u00e7a","isPartOf":{"@id":"https:\/\/allprot.com.br\/web\/#website"},"datePublished":"2022-07-01T20:26:51+00:00","dateModified":"2023-03-24T15:00:12+00:00","breadcrumb":{"@id":"https:\/\/allprot.com.br\/web\/tratamentos\/#breadcrumb"},"inLanguage":"pt-BR","potentialAction":[{"@type":"ReadAction","target":["https:\/\/allprot.com.br\/web\/tratamentos\/"]}]},{"@type":"BreadcrumbList","@id":"https:\/\/allprot.com.br\/web\/tratamentos\/#breadcrumb","itemListElement":[{"@type":"ListItem","position":1,"name":"Home","item":"https:\/\/allprot.com.br\/web\/"},{"@type":"ListItem","position":2,"name":"Tratamentos"}]},{"@type":"WebSite","@id":"https:\/\/allprot.com.br\/web\/#website","url":"https:\/\/allprot.com.br\/web\/","name":"Allprot - Materiais de Seguran\u00e7a","description":"Fabricante de \u00f3culos de seguran\u00e7a com lentes graduadas. A maior oferta de arma\u00e7\u00f5es do mercado brasileiro. Prazo de entrega imbat\u00edvel e as melhores condi\u00e7\u00f5es comerciais que voc\u00ea pode querer. Atendimento em todo o territ\u00f3rio nacional e mais de 3.000 pontos de atendimento.","publisher":{"@id":"https:\/\/allprot.com.br\/web\/#organization"},"potentialAction":[{"@type":"SearchAction","target":{"@type":"EntryPoint","urlTemplate":"https:\/\/allprot.com.br\/web\/?s={search_term_string}"},"query-input":"required name=search_term_string"}],"inLanguage":"pt-BR"},{"@type":"Organization","@id":"https:\/\/allprot.com.br\/web\/#organization","name":"Allprot - Materiais de Seguran\u00e7a","url":"https:\/\/allprot.com.br\/web\/","logo":{"@type":"ImageObject","inLanguage":"pt-BR","@id":"https:\/\/allprot.com.br\/web\/#\/schema\/logo\/image\/","url":"https:\/\/allprot.com.br\/web\/wp-content\/uploads\/2022\/07\/cropped-Favicon-2.png","contentUrl":"https:\/\/allprot.com.br\/web\/wp-content\/uploads\/2022\/07\/cropped-Favicon-2.png","width":512,"height":382,"caption":"Allprot - Materiais de Seguran\u00e7a"},"image":{"@id":"https:\/\/allprot.com.br\/web\/#\/schema\/logo\/image\/"}}]}},"_links":{"self":[{"href":"https:\/\/allprot.com.br\/web\/wp-json\/wp\/v2\/pages\/665"}],"collection":[{"href":"https:\/\/allprot.com.br\/web\/wp-json\/wp\/v2\/pages"}],"about":[{"href":"https:\/\/allprot.com.br\/web\/wp-json\/wp\/v2\/types\/page"}],"author":[{"embeddable":true,"href":"https:\/\/allprot.com.br\/web\/wp-json\/wp\/v2\/users\/1"}],"replies":[{"embeddable":true,"href":"https:\/\/allprot.com.br\/web\/wp-json\/wp\/v2\/comments?post=665"}],"version-history":[{"count":29,"href":"https:\/\/allprot.com.br\/web\/wp-json\/wp\/v2\/pages\/665\/revisions"}],"predecessor-version":[{"id":904,"href":"https:\/\/allprot.com.br\/web\/wp-json\/wp\/v2\/pages\/665\/revisions\/904"}],"wp:attachment":[{"href":"https:\/\/allprot.com.br\/web\/wp-json\/wp\/v2\/media?parent=665"}],"curies":[{"name":"wp","href":"https:\/\/api.w.org\/{rel}","templated":true}]}}