{"id":611,"date":"2022-06-30T17:54:23","date_gmt":"2022-06-30T20:54:23","guid":{"rendered":"https:\/\/allprot.com.br\/web\/?page_id=611"},"modified":"2023-03-24T12:00:12","modified_gmt":"2023-03-24T15:00:12","slug":"protetores-faciais","status":"publish","type":"page","link":"https:\/\/allprot.com.br\/web\/protetores-faciais\/","title":{"rendered":"Protetores Faciais"},"content":{"rendered":"\t\t<div data-elementor-type=\"wp-page\" data-elementor-id=\"611\" class=\"elementor elementor-611\">\n\t\t\t\t\t\t\t\t\t<section class=\"elementor-section elementor-top-section elementor-element elementor-element-fde8cca elementor-section-boxed elementor-section-height-default elementor-section-height-default exad-glass-effect-no exad-sticky-section-no\" data-id=\"fde8cca\" data-element_type=\"section\">\n\t\t\t\t\t\t<div class=\"elementor-container elementor-column-gap-default\">\n\t\t\t\t\t<div class=\"elementor-column elementor-col-100 elementor-top-column elementor-element elementor-element-d043991 exad-glass-effect-no exad-sticky-section-no\" data-id=\"d043991\" data-element_type=\"column\">\n\t\t\t<div class=\"elementor-widget-wrap elementor-element-populated\">\n\t\t\t\t\t\t\t\t<div class=\"elementor-element elementor-element-ee5d878 exad-sticky-section-no exad-glass-effect-no elementor-widget elementor-widget-heading\" data-id=\"ee5d878\" data-element_type=\"widget\" data-widget_type=\"heading.default\">\n\t\t\t\t<div class=\"elementor-widget-container\">\n\t\t\t<style>\/*! elementor - v3.7.8 - 02-10-2022 *\/\n.elementor-heading-title{padding:0;margin:0;line-height:1}.elementor-widget-heading .elementor-heading-title[class*=elementor-size-]>a{color:inherit;font-size:inherit;line-height:inherit}.elementor-widget-heading .elementor-heading-title.elementor-size-small{font-size:15px}.elementor-widget-heading .elementor-heading-title.elementor-size-medium{font-size:19px}.elementor-widget-heading .elementor-heading-title.elementor-size-large{font-size:29px}.elementor-widget-heading .elementor-heading-title.elementor-size-xl{font-size:39px}.elementor-widget-heading .elementor-heading-title.elementor-size-xxl{font-size:59px}<\/style><h2 class=\"elementor-heading-title elementor-size-default\">PROTETORES FACIAIS\n<\/h2>\t\t<\/div>\n\t\t\t\t<\/div>\n\t\t\t\t<div class=\"elementor-element elementor-element-d4b3a9d elementor-grid-3 elementor-grid-tablet-2 elementor-grid-mobile-1 elementor-posts--thumbnail-top elementor-card-shadow-yes elementor-posts__hover-gradient exad-sticky-section-no exad-glass-effect-no elementor-widget elementor-widget-posts\" data-id=\"d4b3a9d\" data-element_type=\"widget\" data-settings=\"{&quot;cards_columns&quot;:&quot;3&quot;,&quot;cards_columns_tablet&quot;:&quot;2&quot;,&quot;cards_columns_mobile&quot;:&quot;1&quot;,&quot;cards_row_gap&quot;:{&quot;unit&quot;:&quot;px&quot;,&quot;size&quot;:35,&quot;sizes&quot;:[]},&quot;cards_row_gap_tablet&quot;:{&quot;unit&quot;:&quot;px&quot;,&quot;size&quot;:&quot;&quot;,&quot;sizes&quot;:[]},&quot;cards_row_gap_mobile&quot;:{&quot;unit&quot;:&quot;px&quot;,&quot;size&quot;:&quot;&quot;,&quot;sizes&quot;:[]}}\" data-widget_type=\"posts.cards\">\n\t\t\t\t<div class=\"elementor-widget-container\">\n\t\t\t<link rel=\"stylesheet\" href=\"https:\/\/allprot.com.br\/web\/wp-content\/plugins\/elementor-pro\/assets\/css\/widget-posts.min.css\">\t\t<div class=\"elementor-posts-container elementor-posts elementor-posts--skin-cards elementor-grid\">\n\t\t\t\t<article class=\"elementor-post elementor-grid-item post-1260 protetores_faciais type-protetores_faciais status-publish has-post-thumbnail hentry\">\n\t\t\t<div class=\"elementor-post__card\">\n\t\t\t\t<a class=\"elementor-post__thumbnail__link\" href=\"https:\/\/allprot.com.br\/web\/protetores_faciais\/prevent-shield\/\" ><div class=\"elementor-post__thumbnail\"><img width=\"768\" height=\"432\" src=\"https:\/\/allprot.com.br\/web\/wp-content\/uploads\/2023\/02\/preventshield-768x432.png\" class=\"attachment-medium_large size-medium_large\" alt=\"\" decoding=\"async\" loading=\"lazy\" srcset=\"https:\/\/allprot.com.br\/web\/wp-content\/uploads\/2023\/02\/preventshield-768x432.png 768w, https:\/\/allprot.com.br\/web\/wp-content\/uploads\/2023\/02\/preventshield-300x169.png 300w, https:\/\/allprot.com.br\/web\/wp-content\/uploads\/2023\/02\/preventshield-1024x576.png 1024w, https:\/\/allprot.com.br\/web\/wp-content\/uploads\/2023\/02\/preventshield-1536x864.png 1536w, https:\/\/allprot.com.br\/web\/wp-content\/uploads\/2023\/02\/preventshield.png 1920w\" sizes=\"(max-width: 768px) 100vw, 768px\" \/><\/div><\/a>\n\t\t\t\t<div class=\"elementor-post__text\">\n\t\t\t\t<h3 class=\"elementor-post__title\">\n\t\t\t<a href=\"https:\/\/allprot.com.br\/web\/protetores_faciais\/prevent-shield\/\" >\n\t\t\t\tPREVENT SHIELD\t\t\t<\/a>\n\t\t<\/h3>\n\t\t\t\t\t<div class=\"elementor-post__read-more-wrapper\">\n\t\t\n\t\t<a class=\"elementor-post__read-more\" href=\"https:\/\/allprot.com.br\/web\/protetores_faciais\/prevent-shield\/\" >\n\t\t\tVer mais\t\t<\/a>\n\n\t\t\t\t\t<\/div>\n\t\t\t\t<\/div>\n\t\t\t\t\t<\/div>\n\t\t<\/article>\n\t\t\t\t<article class=\"elementor-post elementor-grid-item post-605 protetores_faciais type-protetores_faciais status-publish has-post-thumbnail hentry\">\n\t\t\t<div class=\"elementor-post__card\">\n\t\t\t\t<a class=\"elementor-post__thumbnail__link\" href=\"https:\/\/allprot.com.br\/web\/protetores_faciais\/medical-shield-2\/\" ><div class=\"elementor-post__thumbnail\"><img width=\"768\" height=\"512\" src=\"https:\/\/allprot.com.br\/web\/wp-content\/uploads\/2022\/06\/MS-inclinado-768x512.jpg\" class=\"attachment-medium_large size-medium_large\" alt=\"\" decoding=\"async\" loading=\"lazy\" srcset=\"https:\/\/allprot.com.br\/web\/wp-content\/uploads\/2022\/06\/MS-inclinado-768x512.jpg 768w, https:\/\/allprot.com.br\/web\/wp-content\/uploads\/2022\/06\/MS-inclinado-300x200.jpg 300w, https:\/\/allprot.com.br\/web\/wp-content\/uploads\/2022\/06\/MS-inclinado.jpg 1000w\" sizes=\"(max-width: 768px) 100vw, 768px\" \/><\/div><\/a>\n\t\t\t\t<div class=\"elementor-post__text\">\n\t\t\t\t<h3 class=\"elementor-post__title\">\n\t\t\t<a href=\"https:\/\/allprot.com.br\/web\/protetores_faciais\/medical-shield-2\/\" >\n\t\t\t\tMEDICAL SHIELD +\t\t\t<\/a>\n\t\t<\/h3>\n\t\t\t\t\t<div class=\"elementor-post__read-more-wrapper\">\n\t\t\n\t\t<a class=\"elementor-post__read-more\" href=\"https:\/\/allprot.com.br\/web\/protetores_faciais\/medical-shield-2\/\" >\n\t\t\tVer mais\t\t<\/a>\n\n\t\t\t\t\t<\/div>\n\t\t\t\t<\/div>\n\t\t\t\t\t<\/div>\n\t\t<\/article>\n\t\t\t\t<article class=\"elementor-post elementor-grid-item post-598 protetores_faciais type-protetores_faciais status-publish has-post-thumbnail hentry\">\n\t\t\t<div class=\"elementor-post__card\">\n\t\t\t\t<a class=\"elementor-post__thumbnail__link\" href=\"https:\/\/allprot.com.br\/web\/protetores_faciais\/pf-4004-4000\/\" ><div class=\"elementor-post__thumbnail\"><img width=\"768\" height=\"425\" src=\"https:\/\/allprot.com.br\/web\/wp-content\/uploads\/2022\/06\/aec0f855f056c9730fb599aa777a88b2.atualizacao_30_03_reto-10-2-768x425.png\" class=\"attachment-medium_large size-medium_large\" alt=\"\" decoding=\"async\" loading=\"lazy\" srcset=\"https:\/\/allprot.com.br\/web\/wp-content\/uploads\/2022\/06\/aec0f855f056c9730fb599aa777a88b2.atualizacao_30_03_reto-10-2-768x425.png 768w, https:\/\/allprot.com.br\/web\/wp-content\/uploads\/2022\/06\/aec0f855f056c9730fb599aa777a88b2.atualizacao_30_03_reto-10-2-300x166.png 300w, https:\/\/allprot.com.br\/web\/wp-content\/uploads\/2022\/06\/aec0f855f056c9730fb599aa777a88b2.atualizacao_30_03_reto-10-2-1024x567.png 1024w, https:\/\/allprot.com.br\/web\/wp-content\/uploads\/2022\/06\/aec0f855f056c9730fb599aa777a88b2.atualizacao_30_03_reto-10-2-1536x850.png 1536w, https:\/\/allprot.com.br\/web\/wp-content\/uploads\/2022\/06\/aec0f855f056c9730fb599aa777a88b2.atualizacao_30_03_reto-10-2.png 1809w\" sizes=\"(max-width: 768px) 100vw, 768px\" \/><\/div><\/a>\n\t\t\t\t<div class=\"elementor-post__text\">\n\t\t\t\t<h3 class=\"elementor-post__title\">\n\t\t\t<a href=\"https:\/\/allprot.com.br\/web\/protetores_faciais\/pf-4004-4000\/\" >\n\t\t\t\tPF-4004\/4000\t\t\t<\/a>\n\t\t<\/h3>\n\t\t\t\t\t<div class=\"elementor-post__read-more-wrapper\">\n\t\t\n\t\t<a class=\"elementor-post__read-more\" href=\"https:\/\/allprot.com.br\/web\/protetores_faciais\/pf-4004-4000\/\" >\n\t\t\tVer mais\t\t<\/a>\n\n\t\t\t\t\t<\/div>\n\t\t\t\t<\/div>\n\t\t\t\t\t<\/div>\n\t\t<\/article>\n\t\t\t\t<article class=\"elementor-post elementor-grid-item post-594 protetores_faciais type-protetores_faciais status-publish has-post-thumbnail hentry\">\n\t\t\t<div class=\"elementor-post__card\">\n\t\t\t\t<a class=\"elementor-post__thumbnail__link\" href=\"https:\/\/allprot.com.br\/web\/protetores_faciais\/pf-5005-5000\/\" ><div class=\"elementor-post__thumbnail\"><img width=\"768\" height=\"512\" src=\"https:\/\/allprot.com.br\/web\/wp-content\/uploads\/2022\/06\/f93269f92908a2cb7ed5376a99e6c8c3.facial_curvo_transparente_preto-768x512.webp\" class=\"attachment-medium_large size-medium_large\" alt=\"\" decoding=\"async\" loading=\"lazy\" srcset=\"https:\/\/allprot.com.br\/web\/wp-content\/uploads\/2022\/06\/f93269f92908a2cb7ed5376a99e6c8c3.facial_curvo_transparente_preto-768x512.webp 768w, https:\/\/allprot.com.br\/web\/wp-content\/uploads\/2022\/06\/f93269f92908a2cb7ed5376a99e6c8c3.facial_curvo_transparente_preto-300x200.webp 300w, https:\/\/allprot.com.br\/web\/wp-content\/uploads\/2022\/06\/f93269f92908a2cb7ed5376a99e6c8c3.facial_curvo_transparente_preto-1024x683.webp 1024w, https:\/\/allprot.com.br\/web\/wp-content\/uploads\/2022\/06\/f93269f92908a2cb7ed5376a99e6c8c3.facial_curvo_transparente_preto-1536x1024.webp 1536w, https:\/\/allprot.com.br\/web\/wp-content\/uploads\/2022\/06\/f93269f92908a2cb7ed5376a99e6c8c3.facial_curvo_transparente_preto-2048x1365.webp 2048w\" sizes=\"(max-width: 768px) 100vw, 768px\" \/><\/div><\/a>\n\t\t\t\t<div class=\"elementor-post__text\">\n\t\t\t\t<h3 class=\"elementor-post__title\">\n\t\t\t<a href=\"https:\/\/allprot.com.br\/web\/protetores_faciais\/pf-5005-5000\/\" >\n\t\t\t\tPF-5005\/5000\t\t\t<\/a>\n\t\t<\/h3>\n\t\t\t\t\t<div class=\"elementor-post__read-more-wrapper\">\n\t\t\n\t\t<a class=\"elementor-post__read-more\" href=\"https:\/\/allprot.com.br\/web\/protetores_faciais\/pf-5005-5000\/\" >\n\t\t\tVer mais\t\t<\/a>\n\n\t\t\t\t\t<\/div>\n\t\t\t\t<\/div>\n\t\t\t\t\t<\/div>\n\t\t<\/article>\n\t\t\t\t<article class=\"elementor-post elementor-grid-item post-573 protetores_faciais type-protetores_faciais status-publish has-post-thumbnail hentry\">\n\t\t\t<div class=\"elementor-post__card\">\n\t\t\t\t<a class=\"elementor-post__thumbnail__link\" href=\"https:\/\/allprot.com.br\/web\/protetores_faciais\/medical-shield\/\" ><div class=\"elementor-post__thumbnail\"><img width=\"768\" height=\"512\" src=\"https:\/\/allprot.com.br\/web\/wp-content\/uploads\/2022\/06\/MedicalLateral-1024x683-1-768x512.jpg\" class=\"attachment-medium_large size-medium_large\" alt=\"\" decoding=\"async\" loading=\"lazy\" srcset=\"https:\/\/allprot.com.br\/web\/wp-content\/uploads\/2022\/06\/MedicalLateral-1024x683-1-768x512.jpg 768w, https:\/\/allprot.com.br\/web\/wp-content\/uploads\/2022\/06\/MedicalLateral-1024x683-1-300x200.jpg 300w, https:\/\/allprot.com.br\/web\/wp-content\/uploads\/2022\/06\/MedicalLateral-1024x683-1.jpg 1024w\" sizes=\"(max-width: 768px) 100vw, 768px\" \/><\/div><\/a>\n\t\t\t\t<div class=\"elementor-post__text\">\n\t\t\t\t<h3 class=\"elementor-post__title\">\n\t\t\t<a href=\"https:\/\/allprot.com.br\/web\/protetores_faciais\/medical-shield\/\" >\n\t\t\t\tMEDICAL SHIELD\t\t\t<\/a>\n\t\t<\/h3>\n\t\t\t\t\t<div class=\"elementor-post__read-more-wrapper\">\n\t\t\n\t\t<a class=\"elementor-post__read-more\" href=\"https:\/\/allprot.com.br\/web\/protetores_faciais\/medical-shield\/\" >\n\t\t\tVer mais\t\t<\/a>\n\n\t\t\t\t\t<\/div>\n\t\t\t\t<\/div>\n\t\t\t\t\t<\/div>\n\t\t<\/article>\n\t\t\t\t<\/div>\n\n\n\t\t\n\t\t\t\t<\/div>\n\t\t\t\t<\/div>\n\t\t\t\t\t<\/div>\n\t\t<\/div>\n\t\t\t\t\t\t\t<\/div>\n\t\t<\/section>\n\t\t\t\t\t\t\t<\/div>\n\t\t","protected":false},"excerpt":{"rendered":"<p>PROTETORES FACIAIS<\/p>\n","protected":false},"author":1,"featured_media":0,"parent":0,"menu_order":0,"comment_status":"closed","ping_status":"closed","template":"","meta":[],"acf":[],"yoast_head":"<!-- This site is optimized with the Yoast SEO plugin v20.6 - https:\/\/yoast.com\/wordpress\/plugins\/seo\/ -->\n<title>Protetores Faciais - Allprot - Materiais de Seguran\u00e7a<\/title>\n<meta name=\"robots\" content=\"index, follow, max-snippet:-1, max-image-preview:large, max-video-preview:-1\" \/>\n<link rel=\"canonical\" href=\"https:\/\/allprot.com.br\/web\/protetores-faciais\/\" \/>\n<meta property=\"og:locale\" content=\"pt_BR\" \/>\n<meta property=\"og:type\" content=\"article\" \/>\n<meta property=\"og:title\" content=\"Protetores Faciais - Allprot - Materiais de Seguran\u00e7a\" \/>\n<meta property=\"og:description\" content=\"PROTETORES FACIAIS\" \/>\n<meta property=\"og:url\" content=\"https:\/\/allprot.com.br\/web\/protetores-faciais\/\" \/>\n<meta property=\"og:site_name\" content=\"Allprot - Materiais de Seguran\u00e7a\" \/>\n<meta property=\"article:modified_time\" content=\"2023-03-24T15:00:12+00:00\" \/>\n<meta name=\"twitter:card\" content=\"summary_large_image\" \/>\n<script type=\"application\/ld+json\" class=\"yoast-schema-graph\">{\"@context\":\"https:\/\/schema.org\",\"@graph\":[{\"@type\":\"WebPage\",\"@id\":\"https:\/\/allprot.com.br\/web\/protetores-faciais\/\",\"url\":\"https:\/\/allprot.com.br\/web\/protetores-faciais\/\",\"name\":\"Protetores Faciais - Allprot - Materiais de Seguran\u00e7a\",\"isPartOf\":{\"@id\":\"https:\/\/allprot.com.br\/web\/#website\"},\"datePublished\":\"2022-06-30T20:54:23+00:00\",\"dateModified\":\"2023-03-24T15:00:12+00:00\",\"breadcrumb\":{\"@id\":\"https:\/\/allprot.com.br\/web\/protetores-faciais\/#breadcrumb\"},\"inLanguage\":\"pt-BR\",\"potentialAction\":[{\"@type\":\"ReadAction\",\"target\":[\"https:\/\/allprot.com.br\/web\/protetores-faciais\/\"]}]},{\"@type\":\"BreadcrumbList\",\"@id\":\"https:\/\/allprot.com.br\/web\/protetores-faciais\/#breadcrumb\",\"itemListElement\":[{\"@type\":\"ListItem\",\"position\":1,\"name\":\"Home\",\"item\":\"https:\/\/allprot.com.br\/web\/\"},{\"@type\":\"ListItem\",\"position\":2,\"name\":\"Protetores Faciais\"}]},{\"@type\":\"WebSite\",\"@id\":\"https:\/\/allprot.com.br\/web\/#website\",\"url\":\"https:\/\/allprot.com.br\/web\/\",\"name\":\"Allprot - Materiais de Seguran\u00e7a\",\"description\":\"Fabricante de \u00f3culos de seguran\u00e7a com lentes graduadas. A maior oferta de arma\u00e7\u00f5es do mercado brasileiro. Prazo de entrega imbat\u00edvel e as melhores condi\u00e7\u00f5es comerciais que voc\u00ea pode querer. Atendimento em todo o territ\u00f3rio nacional e mais de 3.000 pontos de atendimento.\",\"publisher\":{\"@id\":\"https:\/\/allprot.com.br\/web\/#organization\"},\"potentialAction\":[{\"@type\":\"SearchAction\",\"target\":{\"@type\":\"EntryPoint\",\"urlTemplate\":\"https:\/\/allprot.com.br\/web\/?s={search_term_string}\"},\"query-input\":\"required name=search_term_string\"}],\"inLanguage\":\"pt-BR\"},{\"@type\":\"Organization\",\"@id\":\"https:\/\/allprot.com.br\/web\/#organization\",\"name\":\"Allprot - Materiais de Seguran\u00e7a\",\"url\":\"https:\/\/allprot.com.br\/web\/\",\"logo\":{\"@type\":\"ImageObject\",\"inLanguage\":\"pt-BR\",\"@id\":\"https:\/\/allprot.com.br\/web\/#\/schema\/logo\/image\/\",\"url\":\"https:\/\/allprot.com.br\/web\/wp-content\/uploads\/2022\/07\/cropped-Favicon-2.png\",\"contentUrl\":\"https:\/\/allprot.com.br\/web\/wp-content\/uploads\/2022\/07\/cropped-Favicon-2.png\",\"width\":512,\"height\":382,\"caption\":\"Allprot - Materiais de Seguran\u00e7a\"},\"image\":{\"@id\":\"https:\/\/allprot.com.br\/web\/#\/schema\/logo\/image\/\"}}]}<\/script>\n<!-- \/ Yoast SEO plugin. -->","yoast_head_json":{"title":"Protetores Faciais - Allprot - Materiais de Seguran\u00e7a","robots":{"index":"index","follow":"follow","max-snippet":"max-snippet:-1","max-image-preview":"max-image-preview:large","max-video-preview":"max-video-preview:-1"},"canonical":"https:\/\/allprot.com.br\/web\/protetores-faciais\/","og_locale":"pt_BR","og_type":"article","og_title":"Protetores Faciais - Allprot - Materiais de Seguran\u00e7a","og_description":"PROTETORES FACIAIS","og_url":"https:\/\/allprot.com.br\/web\/protetores-faciais\/","og_site_name":"Allprot - Materiais de Seguran\u00e7a","article_modified_time":"2023-03-24T15:00:12+00:00","twitter_card":"summary_large_image","schema":{"@context":"https:\/\/schema.org","@graph":[{"@type":"WebPage","@id":"https:\/\/allprot.com.br\/web\/protetores-faciais\/","url":"https:\/\/allprot.com.br\/web\/protetores-faciais\/","name":"Protetores Faciais - Allprot - Materiais de Seguran\u00e7a","isPartOf":{"@id":"https:\/\/allprot.com.br\/web\/#website"},"datePublished":"2022-06-30T20:54:23+00:00","dateModified":"2023-03-24T15:00:12+00:00","breadcrumb":{"@id":"https:\/\/allprot.com.br\/web\/protetores-faciais\/#breadcrumb"},"inLanguage":"pt-BR","potentialAction":[{"@type":"ReadAction","target":["https:\/\/allprot.com.br\/web\/protetores-faciais\/"]}]},{"@type":"BreadcrumbList","@id":"https:\/\/allprot.com.br\/web\/protetores-faciais\/#breadcrumb","itemListElement":[{"@type":"ListItem","position":1,"name":"Home","item":"https:\/\/allprot.com.br\/web\/"},{"@type":"ListItem","position":2,"name":"Protetores Faciais"}]},{"@type":"WebSite","@id":"https:\/\/allprot.com.br\/web\/#website","url":"https:\/\/allprot.com.br\/web\/","name":"Allprot - Materiais de Seguran\u00e7a","description":"Fabricante de \u00f3culos de seguran\u00e7a com lentes graduadas. A maior oferta de arma\u00e7\u00f5es do mercado brasileiro. Prazo de entrega imbat\u00edvel e as melhores condi\u00e7\u00f5es comerciais que voc\u00ea pode querer. Atendimento em todo o territ\u00f3rio nacional e mais de 3.000 pontos de atendimento.","publisher":{"@id":"https:\/\/allprot.com.br\/web\/#organization"},"potentialAction":[{"@type":"SearchAction","target":{"@type":"EntryPoint","urlTemplate":"https:\/\/allprot.com.br\/web\/?s={search_term_string}"},"query-input":"required name=search_term_string"}],"inLanguage":"pt-BR"},{"@type":"Organization","@id":"https:\/\/allprot.com.br\/web\/#organization","name":"Allprot - Materiais de Seguran\u00e7a","url":"https:\/\/allprot.com.br\/web\/","logo":{"@type":"ImageObject","inLanguage":"pt-BR","@id":"https:\/\/allprot.com.br\/web\/#\/schema\/logo\/image\/","url":"https:\/\/allprot.com.br\/web\/wp-content\/uploads\/2022\/07\/cropped-Favicon-2.png","contentUrl":"https:\/\/allprot.com.br\/web\/wp-content\/uploads\/2022\/07\/cropped-Favicon-2.png","width":512,"height":382,"caption":"Allprot - Materiais de Seguran\u00e7a"},"image":{"@id":"https:\/\/allprot.com.br\/web\/#\/schema\/logo\/image\/"}}]}},"_links":{"self":[{"href":"https:\/\/allprot.com.br\/web\/wp-json\/wp\/v2\/pages\/611"}],"collection":[{"href":"https:\/\/allprot.com.br\/web\/wp-json\/wp\/v2\/pages"}],"about":[{"href":"https:\/\/allprot.com.br\/web\/wp-json\/wp\/v2\/types\/page"}],"author":[{"embeddable":true,"href":"https:\/\/allprot.com.br\/web\/wp-json\/wp\/v2\/users\/1"}],"replies":[{"embeddable":true,"href":"https:\/\/allprot.com.br\/web\/wp-json\/wp\/v2\/comments?post=611"}],"version-history":[{"count":13,"href":"https:\/\/allprot.com.br\/web\/wp-json\/wp\/v2\/pages\/611\/revisions"}],"predecessor-version":[{"id":901,"href":"https:\/\/allprot.com.br\/web\/wp-json\/wp\/v2\/pages\/611\/revisions\/901"}],"wp:attachment":[{"href":"https:\/\/allprot.com.br\/web\/wp-json\/wp\/v2\/media?parent=611"}],"curies":[{"name":"wp","href":"https:\/\/api.w.org\/{rel}","templated":true}]}}